{"id":938,"date":"2019-03-20T16:44:57","date_gmt":"2019-03-20T16:44:57","guid":{"rendered":"https:\/\/www.port-herbaudiere.fr\/?page_id=938"},"modified":"2019-06-26T15:16:07","modified_gmt":"2019-06-26T15:16:07","slug":"escale-nautique","status":"publish","type":"page","link":"https:\/\/www.port-herbaudiere.fr\/fr\/votre-escale\/escale-nautique\/","title":{"rendered":"Escale nautique"},"content":{"rendered":"\r\n<section class=\"intro-section\">\t\t<div class=\"row column\">\r\n\t\t\t<div class=\"block-banner\"  data-interchange=\"[\/wp-content\/uploads\/2019\/03\/Banni\u00e8re-Escale-nautique.jpg, small], [\/wp-content\/uploads\/2019\/03\/Banni\u00e8re-Escale-nautique-1024x386.jpg, medium], [\/wp-content\/uploads\/2019\/03\/Banni\u00e8re-Escale-nautique.jpg, large], [\/wp-content\/uploads\/2019\/03\/Banni\u00e8re-Escale-nautique.jpg, x-large]\"><\/div>\r\n\t\t\t\t\t<\/div>\r\n\t\r\n<\/section>\r\n\r\n<div class=\"breadcrumb-container\"><div class=\"row column\"><div class=\"breadcrumb\"><span><span><a href=\"https:\/\/www.port-herbaudiere.fr\/fr\/\">Home<\/a><\/span><\/span><\/div><\/div><\/div>\r\n\r\n\r\n\t<div class=\"row column text-center page-title\">\r\n\t\t<h1>Escale nautique<\/h1>\r\n\t<\/div>\r\n\r\n\r\n\r\n\r\n\n\n<div class=\"row default-editor-content\"><div class=\"column medium-10 large-6 medium-centered\">\n<p style=\"text-align:center\">D\u00e9couvrez les sites, le patrimoine, les richesses naturelles d\u2019une \u00eele pr\u00e9serv\u00e9e, charg\u00e9e en histoire. Sur terre ou en mer, visites natures ou historiques, que vous veniez en famille, entre amis ou en couple, vous serez charm\u00e9\u2026 <\/p>\n\n\n\n<figure class=\"wp-block-embed-youtube aligncenter wp-block-embed\"><div class=\"wp-block-embed__wrapper\">\n<iframe loading=\"lazy\" title=\"Escale sur l&#039;\u00eele de Noirmoutier !\" width=\"500\" height=\"281\" src=\"https:\/\/www.youtube.com\/embed\/gT6sU67XC40?feature=oembed\" frameborder=\"0\" allow=\"accelerometer; autoplay; clipboard-write; encrypted-media; gyroscope; picture-in-picture; web-share\" referrerpolicy=\"strict-origin-when-cross-origin\" allowfullscreen><\/iframe>\n<\/div><\/figure>\n\n\n\n<figure class=\"wp-block-image\"><img loading=\"lazy\" decoding=\"async\" width=\"1024\" height=\"465\" src=\"\/wp-content\/uploads\/2019\/05\/cabines-plage-noirmoutier-1024x465.jpg\" alt=\"\" class=\"wp-image-1358\" srcset=\"https:\/\/www.port-herbaudiere.fr\/wp-content\/uploads\/2019\/05\/cabines-plage-noirmoutier-1024x465.jpg 1024w, https:\/\/www.port-herbaudiere.fr\/wp-content\/uploads\/2019\/05\/cabines-plage-noirmoutier-300x136.jpg 300w, https:\/\/www.port-herbaudiere.fr\/wp-content\/uploads\/2019\/05\/cabines-plage-noirmoutier-768x349.jpg 768w, https:\/\/www.port-herbaudiere.fr\/wp-content\/uploads\/2019\/05\/cabines-plage-noirmoutier-360x164.jpg 360w, https:\/\/www.port-herbaudiere.fr\/wp-content\/uploads\/2019\/05\/cabines-plage-noirmoutier-38x17.jpg 38w, https:\/\/www.port-herbaudiere.fr\/wp-content\/uploads\/2019\/05\/cabines-plage-noirmoutier-160x73.jpg 160w, https:\/\/www.port-herbaudiere.fr\/wp-content\/uploads\/2019\/05\/cabines-plage-noirmoutier-763x347.jpg 763w, https:\/\/www.port-herbaudiere.fr\/wp-content\/uploads\/2019\/05\/cabines-plage-noirmoutier.jpg 1100w\" sizes=\"auto, (max-width: 1024px) 100vw, 1024px\" \/><\/figure>\n\n\n\n<p style=\"text-align:center\"><br><strong><a href=\"https:\/\/www.ile-noirmoutier.com\/fr\"> D\u00e9couvrir les activit\u00e9s touristiques autour du port <\/a><\/strong><\/p>\n","protected":false},"excerpt":{"rendered":"<p>D\u00e9couvrez les sites, le patrimoine, les richesses naturelles d\u2019une \u00eele pr\u00e9serv\u00e9e, charg\u00e9e en histoire. Sur terre ou en mer, visites natures ou historiques, que vous veniez en famille, entre amis ou en couple, vous serez charm\u00e9\u2026 D\u00e9couvrir les activit\u00e9s touristiques [&hellip;]<\/p>\n","protected":false},"author":3,"featured_media":994,"parent":553,"menu_order":0,"comment_status":"closed","ping_status":"closed","template":"","meta":{"_acf_changed":false,"footnotes":""},"class_list":["post-938","page","type-page","status-publish","has-post-thumbnail","hentry"],"acf":[],"yoast_head":"<!-- This site is optimized with the Yoast SEO plugin v27.3 - https:\/\/yoast.com\/product\/yoast-seo-wordpress\/ -->\n<title>Escale nautique - Port L\u2019Herbaudiere<\/title>\n<meta name=\"robots\" content=\"index, follow, max-snippet:-1, max-image-preview:large, max-video-preview:-1\" \/>\n<link rel=\"canonical\" href=\"https:\/\/www.port-herbaudiere.fr\/fr\/votre-escale\/escale-nautique\/\" \/>\n<meta property=\"og:locale\" content=\"fr_FR\" \/>\n<meta property=\"og:type\" content=\"article\" \/>\n<meta property=\"og:title\" content=\"Escale nautique - Port L\u2019Herbaudiere\" \/>\n<meta property=\"og:description\" content=\"D\u00e9couvrez les sites, le patrimoine, les richesses naturelles d\u2019une \u00eele pr\u00e9serv\u00e9e, charg\u00e9e en histoire. Sur terre ou en mer, visites natures ou historiques, que vous veniez en famille, entre amis ou en couple, vous serez charm\u00e9\u2026 D\u00e9couvrir les activit\u00e9s touristiques [&hellip;]\" \/>\n<meta property=\"og:url\" content=\"https:\/\/www.port-herbaudiere.fr\/fr\/votre-escale\/escale-nautique\/\" \/>\n<meta property=\"og:site_name\" content=\"Port L\u2019Herbaudiere\" \/>\n<meta property=\"article:publisher\" content=\"https:\/\/www.facebook.com\/Port-de-lHerbaudi%c3%a8re-448560655676783\/\" \/>\n<meta property=\"article:modified_time\" content=\"2019-06-26T15:16:07+00:00\" \/>\n<meta property=\"og:image\" content=\"https:\/\/www.port-herbaudiere.fr\/wp-content\/uploads\/2019\/03\/Home-Escale-nautique.jpg\" \/>\n\t<meta property=\"og:image:width\" content=\"900\" \/>\n\t<meta property=\"og:image:height\" content=\"600\" \/>\n\t<meta property=\"og:image:type\" content=\"image\/jpeg\" \/>\n<meta name=\"twitter:card\" content=\"summary_large_image\" \/>\n<meta name=\"twitter:site\" content=\"@PortHerbaudiere\" \/>\n<script type=\"application\/ld+json\" class=\"yoast-schema-graph\">{\"@context\":\"https:\\\/\\\/schema.org\",\"@graph\":[{\"@type\":\"WebPage\",\"@id\":\"https:\\\/\\\/www.port-herbaudiere.fr\\\/fr\\\/votre-escale\\\/escale-nautique\\\/\",\"url\":\"https:\\\/\\\/www.port-herbaudiere.fr\\\/fr\\\/votre-escale\\\/escale-nautique\\\/\",\"name\":\"Escale nautique - Port L\u2019Herbaudiere\",\"isPartOf\":{\"@id\":\"https:\\\/\\\/www.port-herbaudiere.fr\\\/fr\\\/#website\"},\"primaryImageOfPage\":{\"@id\":\"https:\\\/\\\/www.port-herbaudiere.fr\\\/fr\\\/votre-escale\\\/escale-nautique\\\/#primaryimage\"},\"image\":{\"@id\":\"https:\\\/\\\/www.port-herbaudiere.fr\\\/fr\\\/votre-escale\\\/escale-nautique\\\/#primaryimage\"},\"thumbnailUrl\":\"\\\/wp-content\\\/uploads\\\/2019\\\/03\\\/Home-Escale-nautique.jpg\",\"datePublished\":\"2019-03-20T16:44:57+00:00\",\"dateModified\":\"2019-06-26T15:16:07+00:00\",\"breadcrumb\":{\"@id\":\"https:\\\/\\\/www.port-herbaudiere.fr\\\/fr\\\/votre-escale\\\/escale-nautique\\\/#breadcrumb\"},\"inLanguage\":\"fr-FR\",\"potentialAction\":[{\"@type\":\"ReadAction\",\"target\":[\"https:\\\/\\\/www.port-herbaudiere.fr\\\/fr\\\/votre-escale\\\/escale-nautique\\\/\"]}]},{\"@type\":\"ImageObject\",\"inLanguage\":\"fr-FR\",\"@id\":\"https:\\\/\\\/www.port-herbaudiere.fr\\\/fr\\\/votre-escale\\\/escale-nautique\\\/#primaryimage\",\"url\":\"\\\/wp-content\\\/uploads\\\/2019\\\/03\\\/Home-Escale-nautique.jpg\",\"contentUrl\":\"\\\/wp-content\\\/uploads\\\/2019\\\/03\\\/Home-Escale-nautique.jpg\",\"width\":900,\"height\":600},{\"@type\":\"BreadcrumbList\",\"@id\":\"https:\\\/\\\/www.port-herbaudiere.fr\\\/fr\\\/votre-escale\\\/escale-nautique\\\/#breadcrumb\",\"itemListElement\":[{\"@type\":\"ListItem\",\"position\":1,\"name\":\"Home\",\"item\":\"https:\\\/\\\/www.port-herbaudiere.fr\\\/fr\\\/\"},{\"@type\":\"ListItem\",\"position\":2,\"name\":\"Votre Escale\",\"item\":\"https:\\\/\\\/www.port-herbaudiere.fr\\\/fr\\\/votre-escale\\\/\"},{\"@type\":\"ListItem\",\"position\":3,\"name\":\"Escale nautique\"}]},{\"@type\":\"WebSite\",\"@id\":\"https:\\\/\\\/www.port-herbaudiere.fr\\\/fr\\\/#website\",\"url\":\"https:\\\/\\\/www.port-herbaudiere.fr\\\/fr\\\/\",\"name\":\"Port L\u2019Herbaudi\u00e8re\",\"description\":\"\",\"potentialAction\":[{\"@type\":\"SearchAction\",\"target\":{\"@type\":\"EntryPoint\",\"urlTemplate\":\"https:\\\/\\\/www.port-herbaudiere.fr\\\/fr\\\/?s={search_term_string}\"},\"query-input\":{\"@type\":\"PropertyValueSpecification\",\"valueRequired\":true,\"valueName\":\"search_term_string\"}}],\"inLanguage\":\"fr-FR\"}]}<\/script>\n<!-- \/ Yoast SEO plugin. -->","yoast_head_json":{"title":"Escale nautique - Port L\u2019Herbaudiere","robots":{"index":"index","follow":"follow","max-snippet":"max-snippet:-1","max-image-preview":"max-image-preview:large","max-video-preview":"max-video-preview:-1"},"canonical":"https:\/\/www.port-herbaudiere.fr\/fr\/votre-escale\/escale-nautique\/","og_locale":"fr_FR","og_type":"article","og_title":"Escale nautique - Port L\u2019Herbaudiere","og_description":"D\u00e9couvrez les sites, le patrimoine, les richesses naturelles d\u2019une \u00eele pr\u00e9serv\u00e9e, charg\u00e9e en histoire. Sur terre ou en mer, visites natures ou historiques, que vous veniez en famille, entre amis ou en couple, vous serez charm\u00e9\u2026 D\u00e9couvrir les activit\u00e9s touristiques [&hellip;]","og_url":"https:\/\/www.port-herbaudiere.fr\/fr\/votre-escale\/escale-nautique\/","og_site_name":"Port L\u2019Herbaudiere","article_publisher":"https:\/\/www.facebook.com\/Port-de-lHerbaudi%c3%a8re-448560655676783\/","article_modified_time":"2019-06-26T15:16:07+00:00","og_image":[{"width":900,"height":600,"url":"https:\/\/www.port-herbaudiere.fr\/wp-content\/uploads\/2019\/03\/Home-Escale-nautique.jpg","type":"image\/jpeg"}],"twitter_card":"summary_large_image","twitter_site":"@PortHerbaudiere","schema":{"@context":"https:\/\/schema.org","@graph":[{"@type":"WebPage","@id":"https:\/\/www.port-herbaudiere.fr\/fr\/votre-escale\/escale-nautique\/","url":"https:\/\/www.port-herbaudiere.fr\/fr\/votre-escale\/escale-nautique\/","name":"Escale nautique - Port L\u2019Herbaudiere","isPartOf":{"@id":"https:\/\/www.port-herbaudiere.fr\/fr\/#website"},"primaryImageOfPage":{"@id":"https:\/\/www.port-herbaudiere.fr\/fr\/votre-escale\/escale-nautique\/#primaryimage"},"image":{"@id":"https:\/\/www.port-herbaudiere.fr\/fr\/votre-escale\/escale-nautique\/#primaryimage"},"thumbnailUrl":"\/wp-content\/uploads\/2019\/03\/Home-Escale-nautique.jpg","datePublished":"2019-03-20T16:44:57+00:00","dateModified":"2019-06-26T15:16:07+00:00","breadcrumb":{"@id":"https:\/\/www.port-herbaudiere.fr\/fr\/votre-escale\/escale-nautique\/#breadcrumb"},"inLanguage":"fr-FR","potentialAction":[{"@type":"ReadAction","target":["https:\/\/www.port-herbaudiere.fr\/fr\/votre-escale\/escale-nautique\/"]}]},{"@type":"ImageObject","inLanguage":"fr-FR","@id":"https:\/\/www.port-herbaudiere.fr\/fr\/votre-escale\/escale-nautique\/#primaryimage","url":"\/wp-content\/uploads\/2019\/03\/Home-Escale-nautique.jpg","contentUrl":"\/wp-content\/uploads\/2019\/03\/Home-Escale-nautique.jpg","width":900,"height":600},{"@type":"BreadcrumbList","@id":"https:\/\/www.port-herbaudiere.fr\/fr\/votre-escale\/escale-nautique\/#breadcrumb","itemListElement":[{"@type":"ListItem","position":1,"name":"Home","item":"https:\/\/www.port-herbaudiere.fr\/fr\/"},{"@type":"ListItem","position":2,"name":"Votre Escale","item":"https:\/\/www.port-herbaudiere.fr\/fr\/votre-escale\/"},{"@type":"ListItem","position":3,"name":"Escale nautique"}]},{"@type":"WebSite","@id":"https:\/\/www.port-herbaudiere.fr\/fr\/#website","url":"https:\/\/www.port-herbaudiere.fr\/fr\/","name":"Port L\u2019Herbaudi\u00e8re","description":"","potentialAction":[{"@type":"SearchAction","target":{"@type":"EntryPoint","urlTemplate":"https:\/\/www.port-herbaudiere.fr\/fr\/?s={search_term_string}"},"query-input":{"@type":"PropertyValueSpecification","valueRequired":true,"valueName":"search_term_string"}}],"inLanguage":"fr-FR"}]}},"_links":{"self":[{"href":"https:\/\/www.port-herbaudiere.fr\/fr\/wp-json\/wp\/v2\/pages\/938","targetHints":{"allow":["GET"]}}],"collection":[{"href":"https:\/\/www.port-herbaudiere.fr\/fr\/wp-json\/wp\/v2\/pages"}],"about":[{"href":"https:\/\/www.port-herbaudiere.fr\/fr\/wp-json\/wp\/v2\/types\/page"}],"author":[{"embeddable":true,"href":"https:\/\/www.port-herbaudiere.fr\/fr\/wp-json\/wp\/v2\/users\/3"}],"replies":[{"embeddable":true,"href":"https:\/\/www.port-herbaudiere.fr\/fr\/wp-json\/wp\/v2\/comments?post=938"}],"version-history":[{"count":5,"href":"https:\/\/www.port-herbaudiere.fr\/fr\/wp-json\/wp\/v2\/pages\/938\/revisions"}],"predecessor-version":[{"id":1550,"href":"https:\/\/www.port-herbaudiere.fr\/fr\/wp-json\/wp\/v2\/pages\/938\/revisions\/1550"}],"up":[{"embeddable":true,"href":"https:\/\/www.port-herbaudiere.fr\/fr\/wp-json\/wp\/v2\/pages\/553"}],"wp:featuredmedia":[{"embeddable":true,"href":"https:\/\/www.port-herbaudiere.fr\/fr\/wp-json\/wp\/v2\/media\/994"}],"wp:attachment":[{"href":"https:\/\/www.port-herbaudiere.fr\/fr\/wp-json\/wp\/v2\/media?parent=938"}],"curies":[{"name":"wp","href":"https:\/\/api.w.org\/{rel}","templated":true}]}}