{"id":562,"date":"2019-02-11T09:14:03","date_gmt":"2019-02-11T09:14:03","guid":{"rendered":"https:\/\/www.port-herbaudiere.fr\/devenir-proprietaire\/"},"modified":"2019-06-13T15:50:21","modified_gmt":"2019-06-13T15:50:21","slug":"devenir-actionnaire","status":"publish","type":"page","link":"https:\/\/www.port-herbaudiere.fr\/fr\/devenir-actionnaire\/","title":{"rendered":"Devenir actionnaire"},"content":{"rendered":"\r\n<section class=\"intro-section\">\t\t<div class=\"row column\">\r\n\t\t\t<div class=\"block-banner\"  data-interchange=\"[\/wp-content\/uploads\/2019\/03\/Banni\u00e8re-actualit\u00e9-2.jpg, small], [\/wp-content\/uploads\/2019\/03\/Banni\u00e8re-actualit\u00e9-2-1024x386.jpg, medium], [\/wp-content\/uploads\/2019\/03\/Banni\u00e8re-actualit\u00e9-2.jpg, large], [\/wp-content\/uploads\/2019\/03\/Banni\u00e8re-actualit\u00e9-2.jpg, x-large]\"><\/div>\r\n\t\t\t\t\t<\/div>\r\n\t\r\n<\/section>\r\n\r\n<div class=\"breadcrumb-container\"><div class=\"row column\"><div class=\"breadcrumb\"><span><span><a href=\"https:\/\/www.port-herbaudiere.fr\/fr\/\">Home<\/a><\/span><\/span><\/div><\/div><\/div>\r\n\r\n\r\n\t<div class=\"row column text-center page-title\">\r\n\t\t<h1>Devenir actionnaire<\/h1>\r\n\t<\/div>\r\n\r\n\r\n\r\n\r\n\n\n<div class=\"row default-editor-content\"><div class=\"column medium-10 large-6 medium-centered\">\n<p>Le Port de plaisance de l&rsquo;Herbaudi\u00e8re, g\u00e9r\u00e9e par une SA, vous offre l&rsquo;opportunit\u00e9, par le biais d&rsquo;achat d&rsquo;actions, de profiter d&rsquo;une place en amodiation jusqu&rsquo;en D\u00e9cembre 2037, fin pr\u00e9vue de la concession.<\/p>\n\n\n\n<p>Pour tous renseignements compl\u00e9mentaires, n&rsquo;h\u00e9sitez pas \u00e0 nous contacter \u00e0 la capitainerie au 02.51.39.05.05.<\/p>\n","protected":false},"excerpt":{"rendered":"<p>Le Port de plaisance de l&rsquo;Herbaudi\u00e8re, g\u00e9r\u00e9e par une SA, vous offre l&rsquo;opportunit\u00e9, par le biais d&rsquo;achat d&rsquo;actions, de profiter d&rsquo;une place en amodiation jusqu&rsquo;en D\u00e9cembre 2037, fin pr\u00e9vue de la concession. Pour tous renseignements compl\u00e9mentaires, n&rsquo;h\u00e9sitez pas \u00e0 nous [&hellip;]<\/p>\n","protected":false},"author":3,"featured_media":0,"parent":0,"menu_order":0,"comment_status":"closed","ping_status":"closed","template":"","meta":{"_acf_changed":false,"footnotes":""},"class_list":["post-562","page","type-page","status-publish","hentry"],"acf":[],"yoast_head":"<!-- This site is optimized with the Yoast SEO plugin v27.3 - https:\/\/yoast.com\/product\/yoast-seo-wordpress\/ -->\n<title>Devenir actionnaire - Port L\u2019Herbaudiere<\/title>\n<meta name=\"description\" content=\"Profitez d&#039;une palce au Port de plaisance de l&#039;Herbaudi\u00e8re en devenant actionnaire. Pour plus de renseignement merci de contacter la capitainerie.\" \/>\n<meta name=\"robots\" content=\"index, follow, max-snippet:-1, max-image-preview:large, max-video-preview:-1\" \/>\n<link rel=\"canonical\" href=\"https:\/\/www.port-herbaudiere.fr\/fr\/devenir-actionnaire\/\" \/>\n<meta property=\"og:locale\" content=\"fr_FR\" \/>\n<meta property=\"og:type\" content=\"article\" \/>\n<meta property=\"og:title\" content=\"Devenir actionnaire - Port L\u2019Herbaudiere\" \/>\n<meta property=\"og:description\" content=\"Profitez d&#039;une palce au Port de plaisance de l&#039;Herbaudi\u00e8re en devenant actionnaire. Pour plus de renseignement merci de contacter la capitainerie.\" \/>\n<meta property=\"og:url\" content=\"https:\/\/www.port-herbaudiere.fr\/fr\/devenir-actionnaire\/\" \/>\n<meta property=\"og:site_name\" content=\"Port L\u2019Herbaudiere\" \/>\n<meta property=\"article:publisher\" content=\"https:\/\/www.facebook.com\/Port-de-lHerbaudi%c3%a8re-448560655676783\/\" \/>\n<meta property=\"article:modified_time\" content=\"2019-06-13T15:50:21+00:00\" \/>\n<meta name=\"twitter:card\" content=\"summary_large_image\" \/>\n<meta name=\"twitter:site\" content=\"@PortHerbaudiere\" \/>\n<script type=\"application\/ld+json\" class=\"yoast-schema-graph\">{\"@context\":\"https:\\\/\\\/schema.org\",\"@graph\":[{\"@type\":\"WebPage\",\"@id\":\"https:\\\/\\\/www.port-herbaudiere.fr\\\/fr\\\/devenir-actionnaire\\\/\",\"url\":\"https:\\\/\\\/www.port-herbaudiere.fr\\\/fr\\\/devenir-actionnaire\\\/\",\"name\":\"Devenir actionnaire - Port L\u2019Herbaudiere\",\"isPartOf\":{\"@id\":\"https:\\\/\\\/www.port-herbaudiere.fr\\\/fr\\\/#website\"},\"datePublished\":\"2019-02-11T09:14:03+00:00\",\"dateModified\":\"2019-06-13T15:50:21+00:00\",\"description\":\"Profitez d'une palce au Port de plaisance de l'Herbaudi\u00e8re en devenant actionnaire. Pour plus de renseignement merci de contacter la capitainerie.\",\"breadcrumb\":{\"@id\":\"https:\\\/\\\/www.port-herbaudiere.fr\\\/fr\\\/devenir-actionnaire\\\/#breadcrumb\"},\"inLanguage\":\"fr-FR\",\"potentialAction\":[{\"@type\":\"ReadAction\",\"target\":[\"https:\\\/\\\/www.port-herbaudiere.fr\\\/fr\\\/devenir-actionnaire\\\/\"]}]},{\"@type\":\"BreadcrumbList\",\"@id\":\"https:\\\/\\\/www.port-herbaudiere.fr\\\/fr\\\/devenir-actionnaire\\\/#breadcrumb\",\"itemListElement\":[{\"@type\":\"ListItem\",\"position\":1,\"name\":\"Home\",\"item\":\"https:\\\/\\\/www.port-herbaudiere.fr\\\/fr\\\/\"},{\"@type\":\"ListItem\",\"position\":2,\"name\":\"Devenir actionnaire\"}]},{\"@type\":\"WebSite\",\"@id\":\"https:\\\/\\\/www.port-herbaudiere.fr\\\/fr\\\/#website\",\"url\":\"https:\\\/\\\/www.port-herbaudiere.fr\\\/fr\\\/\",\"name\":\"Port L\u2019Herbaudi\u00e8re\",\"description\":\"\",\"potentialAction\":[{\"@type\":\"SearchAction\",\"target\":{\"@type\":\"EntryPoint\",\"urlTemplate\":\"https:\\\/\\\/www.port-herbaudiere.fr\\\/fr\\\/?s={search_term_string}\"},\"query-input\":{\"@type\":\"PropertyValueSpecification\",\"valueRequired\":true,\"valueName\":\"search_term_string\"}}],\"inLanguage\":\"fr-FR\"}]}<\/script>\n<!-- \/ Yoast SEO plugin. -->","yoast_head_json":{"title":"Devenir actionnaire - Port L\u2019Herbaudiere","description":"Profitez d'une palce au Port de plaisance de l'Herbaudi\u00e8re en devenant actionnaire. Pour plus de renseignement merci de contacter la capitainerie.","robots":{"index":"index","follow":"follow","max-snippet":"max-snippet:-1","max-image-preview":"max-image-preview:large","max-video-preview":"max-video-preview:-1"},"canonical":"https:\/\/www.port-herbaudiere.fr\/fr\/devenir-actionnaire\/","og_locale":"fr_FR","og_type":"article","og_title":"Devenir actionnaire - Port L\u2019Herbaudiere","og_description":"Profitez d'une palce au Port de plaisance de l'Herbaudi\u00e8re en devenant actionnaire. Pour plus de renseignement merci de contacter la capitainerie.","og_url":"https:\/\/www.port-herbaudiere.fr\/fr\/devenir-actionnaire\/","og_site_name":"Port L\u2019Herbaudiere","article_publisher":"https:\/\/www.facebook.com\/Port-de-lHerbaudi%c3%a8re-448560655676783\/","article_modified_time":"2019-06-13T15:50:21+00:00","twitter_card":"summary_large_image","twitter_site":"@PortHerbaudiere","schema":{"@context":"https:\/\/schema.org","@graph":[{"@type":"WebPage","@id":"https:\/\/www.port-herbaudiere.fr\/fr\/devenir-actionnaire\/","url":"https:\/\/www.port-herbaudiere.fr\/fr\/devenir-actionnaire\/","name":"Devenir actionnaire - Port L\u2019Herbaudiere","isPartOf":{"@id":"https:\/\/www.port-herbaudiere.fr\/fr\/#website"},"datePublished":"2019-02-11T09:14:03+00:00","dateModified":"2019-06-13T15:50:21+00:00","description":"Profitez d'une palce au Port de plaisance de l'Herbaudi\u00e8re en devenant actionnaire. Pour plus de renseignement merci de contacter la capitainerie.","breadcrumb":{"@id":"https:\/\/www.port-herbaudiere.fr\/fr\/devenir-actionnaire\/#breadcrumb"},"inLanguage":"fr-FR","potentialAction":[{"@type":"ReadAction","target":["https:\/\/www.port-herbaudiere.fr\/fr\/devenir-actionnaire\/"]}]},{"@type":"BreadcrumbList","@id":"https:\/\/www.port-herbaudiere.fr\/fr\/devenir-actionnaire\/#breadcrumb","itemListElement":[{"@type":"ListItem","position":1,"name":"Home","item":"https:\/\/www.port-herbaudiere.fr\/fr\/"},{"@type":"ListItem","position":2,"name":"Devenir actionnaire"}]},{"@type":"WebSite","@id":"https:\/\/www.port-herbaudiere.fr\/fr\/#website","url":"https:\/\/www.port-herbaudiere.fr\/fr\/","name":"Port L\u2019Herbaudi\u00e8re","description":"","potentialAction":[{"@type":"SearchAction","target":{"@type":"EntryPoint","urlTemplate":"https:\/\/www.port-herbaudiere.fr\/fr\/?s={search_term_string}"},"query-input":{"@type":"PropertyValueSpecification","valueRequired":true,"valueName":"search_term_string"}}],"inLanguage":"fr-FR"}]}},"_links":{"self":[{"href":"https:\/\/www.port-herbaudiere.fr\/fr\/wp-json\/wp\/v2\/pages\/562","targetHints":{"allow":["GET"]}}],"collection":[{"href":"https:\/\/www.port-herbaudiere.fr\/fr\/wp-json\/wp\/v2\/pages"}],"about":[{"href":"https:\/\/www.port-herbaudiere.fr\/fr\/wp-json\/wp\/v2\/types\/page"}],"author":[{"embeddable":true,"href":"https:\/\/www.port-herbaudiere.fr\/fr\/wp-json\/wp\/v2\/users\/3"}],"replies":[{"embeddable":true,"href":"https:\/\/www.port-herbaudiere.fr\/fr\/wp-json\/wp\/v2\/comments?post=562"}],"version-history":[{"count":5,"href":"https:\/\/www.port-herbaudiere.fr\/fr\/wp-json\/wp\/v2\/pages\/562\/revisions"}],"predecessor-version":[{"id":1349,"href":"https:\/\/www.port-herbaudiere.fr\/fr\/wp-json\/wp\/v2\/pages\/562\/revisions\/1349"}],"wp:attachment":[{"href":"https:\/\/www.port-herbaudiere.fr\/fr\/wp-json\/wp\/v2\/media?parent=562"}],"curies":[{"name":"wp","href":"https:\/\/api.w.org\/{rel}","templated":true}]}}