{"id":559,"date":"2019-02-11T09:16:08","date_gmt":"2019-02-11T09:16:08","guid":{"rendered":"https:\/\/www.port-herbaudiere.fr\/equipements-et-services\/"},"modified":"2019-06-13T15:36:30","modified_gmt":"2019-06-13T15:36:30","slug":"equipements-et-services","status":"publish","type":"page","link":"https:\/\/www.port-herbaudiere.fr\/fr\/equipements-et-services\/","title":{"rendered":"\u00c9quipements et Services"},"content":{"rendered":"\r\n<section class=\"intro-section\">\t\t<div class=\"row column\">\r\n\t\t\t<div class=\"block-banner\"  data-interchange=\"[\/wp-content\/uploads\/2019\/03\/Banni\u00e8re-Equipements-et-services.jpg, small], [\/wp-content\/uploads\/2019\/03\/Banni\u00e8re-Equipements-et-services-1024x386.jpg, medium], [\/wp-content\/uploads\/2019\/03\/Banni\u00e8re-Equipements-et-services.jpg, large], [\/wp-content\/uploads\/2019\/03\/Banni\u00e8re-Equipements-et-services.jpg, x-large]\"><\/div>\r\n\t\t\t\t\t<\/div>\r\n\t\r\n<\/section>\r\n\r\n<div class=\"breadcrumb-container\"><div class=\"row column\"><div class=\"breadcrumb\"><span><span><a href=\"https:\/\/www.port-herbaudiere.fr\/fr\/\">Home<\/a><\/span><\/span><\/div><\/div><\/div>\r\n\r\n\r\n\t<div class=\"row column text-center page-title\">\r\n\t\t<h1>\u00e9quipements et services<\/h1>\r\n\t<\/div>\r\n\r\n\r\n\r\n\r\n\n\n\n\t<div class=\"news-container js-infinite\">\n\n\t\t<article id=\"service-en-accueil-7-7\" class=\"article-box js-article post-732 service type-service status-publish hentry\" itemscope itemtype=\"http:\/\/schema.org\/NewsArticle\">\r\n  <div class=\"row\">\r\n    <div class=\"column medium-6 relative service-img\">\r\n      <div class=\"bkg-blue\">\r\n                <figure>\r\n          <img decoding=\"async\" src=\"\/wp-content\/uploads\/2019\/02\/service1-144x160.png\" alt=\"\">\r\n        <\/figure>\r\n      <\/div>\r\n    <\/div>\r\n\r\n    <div class=\"article-box-content column medium-6\">\r\n      <div class=\"dt\"><div class=\"dtc\">\r\n        <header class=\"entry-header\" itemprop=\"headline\">\r\n          <h3 class=\"service-title\" itemprop=\"name\">Accueil 7\/7 horaires suivant p\u00e9riode<\/h3>\r\n        <\/header>\r\n\r\n        <div class=\"entry-excerpt\" data-more=\"Lire la suite\" itemprop=\"description\">\r\n          <div class=\"begin-excerpt\"><p>L&rsquo;\u00e9quipe du Port de l\u2019Herbaudi\u00e8re vous accueille toute l&rsquo;ann\u00e9e sur l&rsquo;eau comme \u00e0 la Capitainerie.<\/p>\n<p>Et\u00e9 comme hiver, passez \u00e0 la Capitainerie pour trouver une r\u00e9ponse \u00e0 vos questions, d\u00e9couvrir nos services ou consulter nos tarifs.<\/p>\n<p><strong>Horaires ouverture de la Capitainerie : <\/strong><\/p>\n<p>Du 15 Octobre au 15 mars : 9h-12h et 14h-17h<\/p>\n<p>Du 16 Mars au 31 mai Juin : 8h30-12h et 14h-18h<\/p>\n<p>Du 1er Juin au 30 Juin : 8h30-12h et 14h-19h<\/p>\n<p>Du 1er Juillet au 31 Ao\u00fbt : 8h00 \u2013 21h sans interruption<\/p>\n<p>Du 1er Septembre au 14 Octobre : 8h30-12h et 14h-18h<\/p>\n<p>&nbsp;<\/p>\n<\/div>        <\/div>\r\n      <\/div><\/div>\r\n    <\/div>\r\n  <\/div>\r\n<\/article><article id=\"service-en-aire-de-carenage-situee-sur-le-terre-plein\" class=\"article-box js-article post-731 service type-service status-publish hentry\" itemscope itemtype=\"http:\/\/schema.org\/NewsArticle\">\r\n  <div class=\"row\">\r\n    <div class=\"column medium-6 relative service-img\">\r\n      <div class=\"bkg-blue\">\r\n                <figure>\r\n          <img decoding=\"async\" src=\"\/wp-content\/uploads\/2019\/03\/herbaudiere-icones-01-154x160.png\" alt=\"\">\r\n        <\/figure>\r\n      <\/div>\r\n    <\/div>\r\n\r\n    <div class=\"article-box-content column medium-6\">\r\n      <div class=\"dt\"><div class=\"dtc\">\r\n        <header class=\"entry-header\" itemprop=\"headline\">\r\n          <h3 class=\"service-title\" itemprop=\"name\">Aire de car\u00e9nage situ\u00e9e sur le terre-plein<\/h3>\r\n        <\/header>\r\n\r\n        <div class=\"entry-excerpt\" data-more=\"Lire la suite\" itemprop=\"description\">\r\n          <div class=\"begin-excerpt\"><p>A votre disposition une aire de car\u00e9nage avec pr\u00eat de nettoyeur haute-pression.<br \/>\nS\u2019adresser \u00e0 la capitainerie pour conna\u00eetre nos diff\u00e9rents forfaits et pour r\u00e9server.<\/p>\n<p>&nbsp;<\/p>\n<\/div>        <\/div>\r\n      <\/div><\/div>\r\n    <\/div>\r\n  <\/div>\r\n<\/article><article id=\"service-en-stationnement-en-port-a-sec\" class=\"article-box js-article post-730 service type-service status-publish hentry\" itemscope itemtype=\"http:\/\/schema.org\/NewsArticle\">\r\n  <div class=\"row\">\r\n    <div class=\"column medium-6 relative service-img\">\r\n      <div class=\"bkg-blue\">\r\n                <figure>\r\n          <img decoding=\"async\" src=\"\/wp-content\/uploads\/2019\/02\/service3-160x160.png\" alt=\"\">\r\n        <\/figure>\r\n      <\/div>\r\n    <\/div>\r\n\r\n    <div class=\"article-box-content column medium-6\">\r\n      <div class=\"dt\"><div class=\"dtc\">\r\n        <header class=\"entry-header\" itemprop=\"headline\">\r\n          <h3 class=\"service-title\" itemprop=\"name\">Stationnement en Port \u00e0 sec<\/h3>\r\n        <\/header>\r\n\r\n        <div class=\"entry-excerpt\" data-more=\"Lire la suite\" itemprop=\"description\">\r\n          <div class=\"begin-excerpt\"><p>Le port dispose d\u2019un espace de stockage \u00e0 sec pour votre bateau.<br \/>\nVous pouvez consulter notre grille tarifaire \u00e0 la capitainerie.<\/p>\n<\/div>        <\/div>\r\n      <\/div><\/div>\r\n    <\/div>\r\n  <\/div>\r\n<\/article><article id=\"service-en-eau-douce-a-quai-et-sur-pontons\" class=\"article-box js-article post-729 service type-service status-publish hentry\" itemscope itemtype=\"http:\/\/schema.org\/NewsArticle\">\r\n  <div class=\"row\">\r\n    <div class=\"column medium-6 relative service-img\">\r\n      <div class=\"bkg-blue\">\r\n                <figure>\r\n          <img decoding=\"async\" src=\"\/wp-content\/uploads\/2019\/02\/service4-123x160.png\" alt=\"\">\r\n        <\/figure>\r\n      <\/div>\r\n    <\/div>\r\n\r\n    <div class=\"article-box-content column medium-6\">\r\n      <div class=\"dt\"><div class=\"dtc\">\r\n        <header class=\"entry-header\" itemprop=\"headline\">\r\n          <h3 class=\"service-title\" itemprop=\"name\">Eau douce \u00e0 quai et sur pontons<\/h3>\r\n        <\/header>\r\n\r\n        <div class=\"entry-excerpt\" data-more=\"Lire la suite\" itemprop=\"description\">\r\n          <div class=\"begin-excerpt\"><p>Points d\u2019eau accessibles sur tous les pontons.<\/p>\n<\/div>        <\/div>\r\n      <\/div><\/div>\r\n    <\/div>\r\n  <\/div>\r\n<\/article><article id=\"service-en-electricite-sur-pontons\" class=\"article-box js-article post-728 service type-service status-publish hentry\" itemscope itemtype=\"http:\/\/schema.org\/NewsArticle\">\r\n  <div class=\"row\">\r\n    <div class=\"column medium-6 relative service-img\">\r\n      <div class=\"bkg-blue\">\r\n                <figure>\r\n          <img decoding=\"async\" src=\"\/wp-content\/uploads\/2019\/03\/herbaudiere-icones-05-160x160.png\" alt=\"\">\r\n        <\/figure>\r\n      <\/div>\r\n    <\/div>\r\n\r\n    <div class=\"article-box-content column medium-6\">\r\n      <div class=\"dt\"><div class=\"dtc\">\r\n        <header class=\"entry-header\" itemprop=\"headline\">\r\n          <h3 class=\"service-title\" itemprop=\"name\">\u00c9lectricit\u00e9 sur pontons<\/h3>\r\n        <\/header>\r\n\r\n        <div class=\"entry-excerpt\" data-more=\"Lire la suite\" itemprop=\"description\">\r\n          <div class=\"begin-excerpt\"><p>Bornes \u00e9lectriques accessibles sur tous les pontons.<\/p>\n<\/div>        <\/div>\r\n      <\/div><\/div>\r\n    <\/div>\r\n  <\/div>\r\n<\/article><article id=\"service-en-laverie-lave-linge-et-seche-linge\" class=\"article-box js-article post-727 service type-service status-publish hentry\" itemscope itemtype=\"http:\/\/schema.org\/NewsArticle\">\r\n  <div class=\"row\">\r\n    <div class=\"column medium-6 relative service-img\">\r\n      <div class=\"bkg-blue\">\r\n                <figure>\r\n          <img decoding=\"async\" src=\"\/wp-content\/uploads\/2019\/03\/herbaudiere-icones-06-160x160.png\" alt=\"\">\r\n        <\/figure>\r\n      <\/div>\r\n    <\/div>\r\n\r\n    <div class=\"article-box-content column medium-6\">\r\n      <div class=\"dt\"><div class=\"dtc\">\r\n        <header class=\"entry-header\" itemprop=\"headline\">\r\n          <h3 class=\"service-title\" itemprop=\"name\">Laverie<br \/>\r\nLave-linge et s\u00e8che linge<\/h3>\r\n        <\/header>\r\n\r\n        <div class=\"entry-excerpt\" data-more=\"Lire la suite\" itemprop=\"description\">\r\n          <div class=\"begin-excerpt\"><p>Une laverie est \u00e0 votre disposition avec lave-linge et s\u00e8che-linge 6kgs.<br \/>\nAchat de jetons \u00e0 la capitainerie.<\/p>\n<p>&nbsp;<\/p>\n<\/div>        <\/div>\r\n      <\/div><\/div>\r\n    <\/div>\r\n  <\/div>\r\n<\/article>\n\t<\/div>\n\n\n\t<div class=\"page-pagination text-center\">\n\t\t\t\t\t<a href=\"\/fr\/wp-json\/wp\/v2\/pages\/559\/page\/2\/\"\n\t\t\t   class=\"btn-gold\">Voir plus<\/a>\n\t\t\t<\/div>\n\n\n<section class=\"instagram-section bkg-brown\">\r\n\t<div class=\"row column\">\r\n\t\t<h4 class=\"text-center\">#portdelherbaudiere<\/h4>\r\n\r\n\t\t<div class=\"instagram-slider\">\r\n\t\t\t\r\n\t\t\t\t\t<a href=\"https:\/\/www.instagram.com\/p\/BVPb9jfg1qb\/\" class=\"insta-link\" target=\"_blank\">\r\n\t\t\t\t\t\t<figure class=\"js-eh\"><img loading=\"lazy\" decoding=\"async\" width=\"600\" height=\"600\" src=\"\/wp-content\/uploads\/2019\/03\/18950351_1977345682538520_1212411547595309056_n-600x600.jpg\" class=\"attachment-feed-image size-feed-image\" alt=\"\" srcset=\"https:\/\/www.port-herbaudiere.fr\/wp-content\/uploads\/2019\/03\/18950351_1977345682538520_1212411547595309056_n-600x600.jpg 600w, https:\/\/www.port-herbaudiere.fr\/wp-content\/uploads\/2019\/03\/18950351_1977345682538520_1212411547595309056_n-150x150.jpg 150w, https:\/\/www.port-herbaudiere.fr\/wp-content\/uploads\/2019\/03\/18950351_1977345682538520_1212411547595309056_n-300x300.jpg 300w, https:\/\/www.port-herbaudiere.fr\/wp-content\/uploads\/2019\/03\/18950351_1977345682538520_1212411547595309056_n-240x240.jpg 240w, https:\/\/www.port-herbaudiere.fr\/wp-content\/uploads\/2019\/03\/18950351_1977345682538520_1212411547595309056_n-290x290.jpg 290w, https:\/\/www.port-herbaudiere.fr\/wp-content\/uploads\/2019\/03\/18950351_1977345682538520_1212411547595309056_n-38x38.jpg 38w, https:\/\/www.port-herbaudiere.fr\/wp-content\/uploads\/2019\/03\/18950351_1977345682538520_1212411547595309056_n-160x160.jpg 160w, https:\/\/www.port-herbaudiere.fr\/wp-content\/uploads\/2019\/03\/18950351_1977345682538520_1212411547595309056_n-347x347.jpg 347w, https:\/\/www.port-herbaudiere.fr\/wp-content\/uploads\/2019\/03\/18950351_1977345682538520_1212411547595309056_n.jpg 640w\" sizes=\"auto, (max-width: 600px) 100vw, 600px\" \/><\/figure>\r\n\t\t\t\t\t<\/a>\r\n\t\t\t\t\r\n\t\t\t\t\t<a href=\"https:\/\/www.instagram.com\/p\/BVVTkTBhewJ\/\" class=\"insta-link\" target=\"_blank\">\r\n\t\t\t\t\t\t<figure class=\"js-eh\"><img loading=\"lazy\" decoding=\"async\" width=\"600\" height=\"600\" src=\"\/wp-content\/uploads\/2019\/03\/19051778_1389179111172803_4064336674715336704_n-600x600.jpg\" class=\"attachment-feed-image size-feed-image\" alt=\"\" srcset=\"https:\/\/www.port-herbaudiere.fr\/wp-content\/uploads\/2019\/03\/19051778_1389179111172803_4064336674715336704_n-600x600.jpg 600w, https:\/\/www.port-herbaudiere.fr\/wp-content\/uploads\/2019\/03\/19051778_1389179111172803_4064336674715336704_n-150x150.jpg 150w, https:\/\/www.port-herbaudiere.fr\/wp-content\/uploads\/2019\/03\/19051778_1389179111172803_4064336674715336704_n-300x300.jpg 300w, https:\/\/www.port-herbaudiere.fr\/wp-content\/uploads\/2019\/03\/19051778_1389179111172803_4064336674715336704_n-240x240.jpg 240w, https:\/\/www.port-herbaudiere.fr\/wp-content\/uploads\/2019\/03\/19051778_1389179111172803_4064336674715336704_n-290x290.jpg 290w, https:\/\/www.port-herbaudiere.fr\/wp-content\/uploads\/2019\/03\/19051778_1389179111172803_4064336674715336704_n-38x38.jpg 38w, https:\/\/www.port-herbaudiere.fr\/wp-content\/uploads\/2019\/03\/19051778_1389179111172803_4064336674715336704_n-160x160.jpg 160w, https:\/\/www.port-herbaudiere.fr\/wp-content\/uploads\/2019\/03\/19051778_1389179111172803_4064336674715336704_n-347x347.jpg 347w, https:\/\/www.port-herbaudiere.fr\/wp-content\/uploads\/2019\/03\/19051778_1389179111172803_4064336674715336704_n.jpg 640w\" sizes=\"auto, (max-width: 600px) 100vw, 600px\" \/><\/figure>\r\n\t\t\t\t\t<\/a>\r\n\t\t\t\t\r\n\t\t\t\t\t<a href=\"https:\/\/www.instagram.com\/p\/BVenmrTguh2\/\" class=\"insta-link\" target=\"_blank\">\r\n\t\t\t\t\t\t<figure class=\"js-eh\"><img loading=\"lazy\" decoding=\"async\" width=\"600\" height=\"600\" src=\"\/wp-content\/uploads\/2019\/03\/19121632_466099143744153_2133236760442830848_n-600x600.jpg\" class=\"attachment-feed-image size-feed-image\" alt=\"\" srcset=\"https:\/\/www.port-herbaudiere.fr\/wp-content\/uploads\/2019\/03\/19121632_466099143744153_2133236760442830848_n-600x600.jpg 600w, https:\/\/www.port-herbaudiere.fr\/wp-content\/uploads\/2019\/03\/19121632_466099143744153_2133236760442830848_n-150x150.jpg 150w, https:\/\/www.port-herbaudiere.fr\/wp-content\/uploads\/2019\/03\/19121632_466099143744153_2133236760442830848_n-300x300.jpg 300w, https:\/\/www.port-herbaudiere.fr\/wp-content\/uploads\/2019\/03\/19121632_466099143744153_2133236760442830848_n-240x240.jpg 240w, https:\/\/www.port-herbaudiere.fr\/wp-content\/uploads\/2019\/03\/19121632_466099143744153_2133236760442830848_n-290x290.jpg 290w, https:\/\/www.port-herbaudiere.fr\/wp-content\/uploads\/2019\/03\/19121632_466099143744153_2133236760442830848_n-38x38.jpg 38w, https:\/\/www.port-herbaudiere.fr\/wp-content\/uploads\/2019\/03\/19121632_466099143744153_2133236760442830848_n-160x160.jpg 160w, https:\/\/www.port-herbaudiere.fr\/wp-content\/uploads\/2019\/03\/19121632_466099143744153_2133236760442830848_n-347x347.jpg 347w, https:\/\/www.port-herbaudiere.fr\/wp-content\/uploads\/2019\/03\/19121632_466099143744153_2133236760442830848_n.jpg 640w\" sizes=\"auto, (max-width: 600px) 100vw, 600px\" \/><\/figure>\r\n\t\t\t\t\t<\/a>\r\n\t\t\t\t\r\n\t\t\t\t\t<a href=\"https:\/\/www.instagram.com\/p\/BVhCXBEHsHY\/\" class=\"insta-link\" target=\"_blank\">\r\n\t\t\t\t\t\t<figure class=\"js-eh\"><img loading=\"lazy\" decoding=\"async\" width=\"600\" height=\"600\" src=\"\/wp-content\/uploads\/2019\/03\/19228386_450403112002208_2330647209852272640_n-600x600.jpg\" class=\"attachment-feed-image size-feed-image\" alt=\"\" srcset=\"https:\/\/www.port-herbaudiere.fr\/wp-content\/uploads\/2019\/03\/19228386_450403112002208_2330647209852272640_n-600x600.jpg 600w, https:\/\/www.port-herbaudiere.fr\/wp-content\/uploads\/2019\/03\/19228386_450403112002208_2330647209852272640_n-150x150.jpg 150w, https:\/\/www.port-herbaudiere.fr\/wp-content\/uploads\/2019\/03\/19228386_450403112002208_2330647209852272640_n-300x300.jpg 300w, https:\/\/www.port-herbaudiere.fr\/wp-content\/uploads\/2019\/03\/19228386_450403112002208_2330647209852272640_n-240x240.jpg 240w, https:\/\/www.port-herbaudiere.fr\/wp-content\/uploads\/2019\/03\/19228386_450403112002208_2330647209852272640_n-290x290.jpg 290w, https:\/\/www.port-herbaudiere.fr\/wp-content\/uploads\/2019\/03\/19228386_450403112002208_2330647209852272640_n-38x38.jpg 38w, https:\/\/www.port-herbaudiere.fr\/wp-content\/uploads\/2019\/03\/19228386_450403112002208_2330647209852272640_n-160x160.jpg 160w, https:\/\/www.port-herbaudiere.fr\/wp-content\/uploads\/2019\/03\/19228386_450403112002208_2330647209852272640_n-347x347.jpg 347w, https:\/\/www.port-herbaudiere.fr\/wp-content\/uploads\/2019\/03\/19228386_450403112002208_2330647209852272640_n.jpg 640w\" sizes=\"auto, (max-width: 600px) 100vw, 600px\" \/><\/figure>\r\n\t\t\t\t\t<\/a>\r\n\t\t\t\t\r\n\t\t\t\t\t<a href=\"https:\/\/www.instagram.com\/p\/BViTCjzAwD1\/\" class=\"insta-link\" target=\"_blank\">\r\n\t\t\t\t\t\t<figure class=\"js-eh\"><img loading=\"lazy\" decoding=\"async\" width=\"600\" height=\"440\" src=\"\/wp-content\/uploads\/2019\/03\/19227717_1710388252324421_8340257268226326528_n-600x440.jpg\" class=\"attachment-feed-image size-feed-image\" alt=\"\" \/><\/figure>\r\n\t\t\t\t\t<\/a>\r\n\t\t\t\t\r\n\t\t\t\t\t<a href=\"https:\/\/www.instagram.com\/p\/BEZUnz-xq-y\/\" class=\"insta-link\" target=\"_blank\">\r\n\t\t\t\t\t\t<figure class=\"js-eh\"><img loading=\"lazy\" decoding=\"async\" width=\"600\" height=\"600\" src=\"\/wp-content\/uploads\/2019\/05\/12912740_1738992936323448_66471903_n-600x600.jpg\" class=\"attachment-feed-image size-feed-image\" alt=\"\" srcset=\"https:\/\/www.port-herbaudiere.fr\/wp-content\/uploads\/2019\/05\/12912740_1738992936323448_66471903_n-600x600.jpg 600w, https:\/\/www.port-herbaudiere.fr\/wp-content\/uploads\/2019\/05\/12912740_1738992936323448_66471903_n-150x150.jpg 150w, https:\/\/www.port-herbaudiere.fr\/wp-content\/uploads\/2019\/05\/12912740_1738992936323448_66471903_n-300x300.jpg 300w, https:\/\/www.port-herbaudiere.fr\/wp-content\/uploads\/2019\/05\/12912740_1738992936323448_66471903_n-768x768.jpg 768w, https:\/\/www.port-herbaudiere.fr\/wp-content\/uploads\/2019\/05\/12912740_1738992936323448_66471903_n-1024x1024.jpg 1024w, https:\/\/www.port-herbaudiere.fr\/wp-content\/uploads\/2019\/05\/12912740_1738992936323448_66471903_n-240x240.jpg 240w, https:\/\/www.port-herbaudiere.fr\/wp-content\/uploads\/2019\/05\/12912740_1738992936323448_66471903_n-290x290.jpg 290w, https:\/\/www.port-herbaudiere.fr\/wp-content\/uploads\/2019\/05\/12912740_1738992936323448_66471903_n-38x38.jpg 38w, https:\/\/www.port-herbaudiere.fr\/wp-content\/uploads\/2019\/05\/12912740_1738992936323448_66471903_n-160x160.jpg 160w, https:\/\/www.port-herbaudiere.fr\/wp-content\/uploads\/2019\/05\/12912740_1738992936323448_66471903_n-347x347.jpg 347w, https:\/\/www.port-herbaudiere.fr\/wp-content\/uploads\/2019\/05\/12912740_1738992936323448_66471903_n-910x910.jpg 910w, https:\/\/www.port-herbaudiere.fr\/wp-content\/uploads\/2019\/05\/12912740_1738992936323448_66471903_n.jpg 1080w\" sizes=\"auto, (max-width: 600px) 100vw, 600px\" \/><\/figure>\r\n\t\t\t\t\t<\/a>\r\n\t\t\t\t\r\n\t\t\t\t\t<\/div>\r\n\t<\/div>\r\n<\/section>","protected":false},"excerpt":{"rendered":"","protected":false},"author":3,"featured_media":0,"parent":0,"menu_order":0,"comment_status":"closed","ping_status":"closed","template":"","meta":{"_acf_changed":false,"footnotes":""},"class_list":["post-559","page","type-page","status-publish","hentry"],"acf":[],"yoast_head":"<!-- This site is optimized with the Yoast SEO plugin v27.3 - https:\/\/yoast.com\/product\/yoast-seo-wordpress\/ -->\n<title>\u00c9quipements et Services - Port L\u2019Herbaudiere<\/title>\n<meta name=\"description\" content=\"Le Port de l&#039;Herbaudi\u00e8re vous propose de nombreux \u00e9quipements et services en accord avec notre politique environnementale.\" \/>\n<meta name=\"robots\" content=\"index, follow, max-snippet:-1, max-image-preview:large, max-video-preview:-1\" \/>\n<link rel=\"canonical\" href=\"https:\/\/www.port-herbaudiere.fr\/fr\/equipements-et-services\/\" \/>\n<meta property=\"og:locale\" content=\"fr_FR\" \/>\n<meta property=\"og:type\" content=\"article\" \/>\n<meta property=\"og:title\" content=\"\u00c9quipements et Services - Port L\u2019Herbaudiere\" \/>\n<meta property=\"og:description\" content=\"Le Port de l&#039;Herbaudi\u00e8re vous propose de nombreux \u00e9quipements et services en accord avec notre politique environnementale.\" \/>\n<meta property=\"og:url\" content=\"https:\/\/www.port-herbaudiere.fr\/fr\/equipements-et-services\/\" \/>\n<meta property=\"og:site_name\" content=\"Port L\u2019Herbaudiere\" \/>\n<meta property=\"article:publisher\" content=\"https:\/\/www.facebook.com\/Port-de-lHerbaudi%c3%a8re-448560655676783\/\" \/>\n<meta property=\"article:modified_time\" content=\"2019-06-13T15:36:30+00:00\" \/>\n<meta name=\"twitter:card\" content=\"summary_large_image\" \/>\n<meta name=\"twitter:site\" content=\"@PortHerbaudiere\" \/>\n<script type=\"application\/ld+json\" class=\"yoast-schema-graph\">{\"@context\":\"https:\\\/\\\/schema.org\",\"@graph\":[{\"@type\":\"WebPage\",\"@id\":\"https:\\\/\\\/www.port-herbaudiere.fr\\\/fr\\\/equipements-et-services\\\/\",\"url\":\"https:\\\/\\\/www.port-herbaudiere.fr\\\/fr\\\/equipements-et-services\\\/\",\"name\":\"\u00c9quipements et Services - Port L\u2019Herbaudiere\",\"isPartOf\":{\"@id\":\"https:\\\/\\\/www.port-herbaudiere.fr\\\/fr\\\/#website\"},\"datePublished\":\"2019-02-11T09:16:08+00:00\",\"dateModified\":\"2019-06-13T15:36:30+00:00\",\"description\":\"Le Port de l'Herbaudi\u00e8re vous propose de nombreux \u00e9quipements et services en accord avec notre politique environnementale.\",\"breadcrumb\":{\"@id\":\"https:\\\/\\\/www.port-herbaudiere.fr\\\/fr\\\/equipements-et-services\\\/#breadcrumb\"},\"inLanguage\":\"fr-FR\",\"potentialAction\":[{\"@type\":\"ReadAction\",\"target\":[\"https:\\\/\\\/www.port-herbaudiere.fr\\\/fr\\\/equipements-et-services\\\/\"]}]},{\"@type\":\"BreadcrumbList\",\"@id\":\"https:\\\/\\\/www.port-herbaudiere.fr\\\/fr\\\/equipements-et-services\\\/#breadcrumb\",\"itemListElement\":[{\"@type\":\"ListItem\",\"position\":1,\"name\":\"Home\",\"item\":\"https:\\\/\\\/www.port-herbaudiere.fr\\\/fr\\\/\"},{\"@type\":\"ListItem\",\"position\":2,\"name\":\"\u00c9quipements et Services\"}]},{\"@type\":\"WebSite\",\"@id\":\"https:\\\/\\\/www.port-herbaudiere.fr\\\/fr\\\/#website\",\"url\":\"https:\\\/\\\/www.port-herbaudiere.fr\\\/fr\\\/\",\"name\":\"Port L\u2019Herbaudi\u00e8re\",\"description\":\"\",\"potentialAction\":[{\"@type\":\"SearchAction\",\"target\":{\"@type\":\"EntryPoint\",\"urlTemplate\":\"https:\\\/\\\/www.port-herbaudiere.fr\\\/fr\\\/?s={search_term_string}\"},\"query-input\":{\"@type\":\"PropertyValueSpecification\",\"valueRequired\":true,\"valueName\":\"search_term_string\"}}],\"inLanguage\":\"fr-FR\"}]}<\/script>\n<!-- \/ Yoast SEO plugin. -->","yoast_head_json":{"title":"\u00c9quipements et Services - Port L\u2019Herbaudiere","description":"Le Port de l'Herbaudi\u00e8re vous propose de nombreux \u00e9quipements et services en accord avec notre politique environnementale.","robots":{"index":"index","follow":"follow","max-snippet":"max-snippet:-1","max-image-preview":"max-image-preview:large","max-video-preview":"max-video-preview:-1"},"canonical":"https:\/\/www.port-herbaudiere.fr\/fr\/equipements-et-services\/","og_locale":"fr_FR","og_type":"article","og_title":"\u00c9quipements et Services - Port L\u2019Herbaudiere","og_description":"Le Port de l'Herbaudi\u00e8re vous propose de nombreux \u00e9quipements et services en accord avec notre politique environnementale.","og_url":"https:\/\/www.port-herbaudiere.fr\/fr\/equipements-et-services\/","og_site_name":"Port L\u2019Herbaudiere","article_publisher":"https:\/\/www.facebook.com\/Port-de-lHerbaudi%c3%a8re-448560655676783\/","article_modified_time":"2019-06-13T15:36:30+00:00","twitter_card":"summary_large_image","twitter_site":"@PortHerbaudiere","schema":{"@context":"https:\/\/schema.org","@graph":[{"@type":"WebPage","@id":"https:\/\/www.port-herbaudiere.fr\/fr\/equipements-et-services\/","url":"https:\/\/www.port-herbaudiere.fr\/fr\/equipements-et-services\/","name":"\u00c9quipements et Services - Port L\u2019Herbaudiere","isPartOf":{"@id":"https:\/\/www.port-herbaudiere.fr\/fr\/#website"},"datePublished":"2019-02-11T09:16:08+00:00","dateModified":"2019-06-13T15:36:30+00:00","description":"Le Port de l'Herbaudi\u00e8re vous propose de nombreux \u00e9quipements et services en accord avec notre politique environnementale.","breadcrumb":{"@id":"https:\/\/www.port-herbaudiere.fr\/fr\/equipements-et-services\/#breadcrumb"},"inLanguage":"fr-FR","potentialAction":[{"@type":"ReadAction","target":["https:\/\/www.port-herbaudiere.fr\/fr\/equipements-et-services\/"]}]},{"@type":"BreadcrumbList","@id":"https:\/\/www.port-herbaudiere.fr\/fr\/equipements-et-services\/#breadcrumb","itemListElement":[{"@type":"ListItem","position":1,"name":"Home","item":"https:\/\/www.port-herbaudiere.fr\/fr\/"},{"@type":"ListItem","position":2,"name":"\u00c9quipements et Services"}]},{"@type":"WebSite","@id":"https:\/\/www.port-herbaudiere.fr\/fr\/#website","url":"https:\/\/www.port-herbaudiere.fr\/fr\/","name":"Port L\u2019Herbaudi\u00e8re","description":"","potentialAction":[{"@type":"SearchAction","target":{"@type":"EntryPoint","urlTemplate":"https:\/\/www.port-herbaudiere.fr\/fr\/?s={search_term_string}"},"query-input":{"@type":"PropertyValueSpecification","valueRequired":true,"valueName":"search_term_string"}}],"inLanguage":"fr-FR"}]}},"_links":{"self":[{"href":"https:\/\/www.port-herbaudiere.fr\/fr\/wp-json\/wp\/v2\/pages\/559","targetHints":{"allow":["GET"]}}],"collection":[{"href":"https:\/\/www.port-herbaudiere.fr\/fr\/wp-json\/wp\/v2\/pages"}],"about":[{"href":"https:\/\/www.port-herbaudiere.fr\/fr\/wp-json\/wp\/v2\/types\/page"}],"author":[{"embeddable":true,"href":"https:\/\/www.port-herbaudiere.fr\/fr\/wp-json\/wp\/v2\/users\/3"}],"replies":[{"embeddable":true,"href":"https:\/\/www.port-herbaudiere.fr\/fr\/wp-json\/wp\/v2\/comments?post=559"}],"version-history":[{"count":7,"href":"https:\/\/www.port-herbaudiere.fr\/fr\/wp-json\/wp\/v2\/pages\/559\/revisions"}],"predecessor-version":[{"id":3011,"href":"https:\/\/www.port-herbaudiere.fr\/fr\/wp-json\/wp\/v2\/pages\/559\/revisions\/3011"}],"wp:attachment":[{"href":"https:\/\/www.port-herbaudiere.fr\/fr\/wp-json\/wp\/v2\/media?parent=559"}],"curies":[{"name":"wp","href":"https:\/\/api.w.org\/{rel}","templated":true}]}}