{"id":558,"date":"2019-02-11T09:17:56","date_gmt":"2019-02-11T09:17:56","guid":{"rendered":"https:\/\/www.port-herbaudiere.fr\/mentions-legales\/"},"modified":"2019-07-23T09:03:13","modified_gmt":"2019-07-23T09:03:13","slug":"mentions-legales","status":"publish","type":"page","link":"https:\/\/www.port-herbaudiere.fr\/fr\/mentions-legales\/","title":{"rendered":"Mentions legales"},"content":{"rendered":"\r\n<section class=\"intro-section\">\t\t<div class=\"row column\">\r\n\t\t\t<div class=\"block-banner\"  data-interchange=\"[\/wp-content\/uploads\/2019\/02\/news-banner.jpg, small], [\/wp-content\/uploads\/2019\/02\/news-banner-1024x386.jpg, medium], [\/wp-content\/uploads\/2019\/02\/news-banner.jpg, large], [\/wp-content\/uploads\/2019\/02\/news-banner.jpg, x-large]\"><\/div>\r\n\t\t\t\t\t<\/div>\r\n\t\r\n<\/section>\r\n\r\n<div class=\"breadcrumb-container\"><div class=\"row column\"><div class=\"breadcrumb\"><span><span><a href=\"https:\/\/www.port-herbaudiere.fr\/fr\/\">Home<\/a><\/span><\/span><\/div><\/div><\/div>\r\n\r\n\r\n\t<div class=\"row column text-center page-title\">\r\n\t\t<h1>Mentions l\u00e9gales<\/h1>\r\n\t<\/div>\r\n\r\n\r\n\r\n\r\n\n\n<div class=\"row default-editor-content\"><div class=\"column medium-10 large-6 medium-centered\">\n<p>Le texte qui suit pr\u00e9sente les conditions g\u00e9n\u00e9rales d\u2019utilisation du site www.port-herbaudiere.fr.<br> Tout visiteur du site www.port-herbaudiere.fr admet en avoir pris connaissance et les accepter. Elles ne le d\u00e9chargent pas des obligations qu\u2019il contracte en acc\u00e9dant par un lien \u00e0 une page ou un site Internet tiers. Les internautes sont responsables des interrogations qu\u2019ils formulent ainsi que de l\u2019interpr\u00e9tation et de l\u2019utilisation qu\u2019ils font des r\u00e9sultats.<br>La SA du Port de Plaisance de l&rsquo;Herbaudi\u00e8re se r\u00e9serve le droit de modifier \u00e0 tout moment les pr\u00e9sentes conditions g\u00e9n\u00e9rales d\u2019utilisation notamment en faisant \u00e9voluer son site.<\/p>\n\n\n\n<h3 class=\"wp-block-heading\"><br>Editeur<\/h3>\n\n\n\n<p>Le site de la SA du Port de Plaisance de l&rsquo;Herbaudi\u00e8re a pour objet de pr\u00e9senter le Port et son offre de services. Le contenu \u00e9ditorial ainsi que l\u2019ensemble des mises \u00e0 jour sont g\u00e9r\u00e9s par la direction. Pour tout contact relatif au site internet, utilisez le formulaire Nous contacter<\/p>\n\n\n\n<h3 class=\"wp-block-heading\"><br>Site internet<\/h3>\n\n\n\n<p>Directeur de publication :<br>M. ARRIGHI Dominique <br>Pr\u00e9sident  de la Soci\u00e9t\u00e9 anonyme du Port de Plaisance de L&rsquo;Herbaudi\u00e8re<\/p>\n\n\n\n<p>H\u00e9bergement :<br>INFOMANIAK<br>Rue Eug\u00e8ne-Marziano 25, <br>1227 Gen\u00e8ve, Suisse<br><\/p>\n\n\n\n<p>Conception, d\u00e9veloppement et maintenance :<br>SMART IMPACT<br>2Bis Rue Dobr\u00e9e<br>44100 Nantes<\/p>\n\n\n\n<p>M. ARRIGHI Dominique<br>SOCIETE ANONYME DU PORT DE PLAISANCE DE L&rsquo;HERBAUDIERE<br>Route de l&rsquo;Herbaudiere &#8211; 85330 NOIRMOUTIER EN L ILE<br>SIRET 78414338000011<br>RCS La Roche-sur-Yon B 784 143 380<\/p>\n\n\n\n<h3 class=\"wp-block-heading\"><br>Visuels, Photos, Illustrations <\/h3>\n\n\n\n<p>Direction Artistique \/ Iconographie :<br>Agence SMART IMPACT<\/p>\n\n\n\n<p>Photos :<br>S\u00e9bastien Evrard \/ OT Ile de Noirmoutier<br>Alexandre Lamoureux \/ OT Ile de Noirmoutier <\/p>\n\n\n\n<h3 class=\"wp-block-heading\"><br>Protection des donn\u00e9es personnelles<\/h3>\n\n\n\n<p><strong>COOKIES<\/strong><\/p>\n\n\n\n<p>Les utilisateurs sont inform\u00e9s que lors de leurs visites sur ce site, des cookies peuvent s\u2019installer automatiquement sur le logiciel de navigation. Les cookies sont des blocs de donn\u00e9es qui ne permettent pas d\u2019identifier l\u2019utilisateur mais servent \u00e0 enregistrer des informations relatives \u00e0 la navigation de ce dernier sur le site web. Le param\u00e9trage du logiciel de navigation permet d\u2019informer de la pr\u00e9sence de cookies et \u00e9ventuellement de les refuser. Il appartiendra donc \u00e0 l\u2019internaute d\u2019accepter ou non l\u2019installation de ces cookies. Les cookies sont r\u00e9serv\u00e9s \u00e0 l\u2019usage exclusif du responsable du traitement afin d\u2019am\u00e9liorer la pr\u00e9sentation du site et optimiser la navigation \u00e0 l\u2019int\u00e9rieur de celui-ci.<br>Les utilisateurs disposent d\u2019un droit d\u2019acc\u00e8s, de modification voire de retrait des donn\u00e9es personnelles communiqu\u00e9es par le biais de cookies dans les conditions indiqu\u00e9es ci-dessus.<br>Il est toutefois pr\u00e9cis\u00e9 que pour des raisons techniques, le fait de d\u00e9sactiver les cookies peut limiter l\u2019acc\u00e8s des utilisateurs \u00e0 tout ou partie du site  <br>www.port-herbaudiere.fr.<\/p>\n\n\n\n<p><strong>ENTREPRISES ET PERSONNES CIT\u00c9ES<\/strong><\/p>\n\n\n\n<p>Les informations relatives aux \u00e9v\u00e9nements, entreprises et personnes sur le site  www.port-herbaudiere.fr  sont constitu\u00e9es et mises \u00e0 jour sur un mode d\u00e9claratif des personnes physiques ou morales concern\u00e9es et n\u2019engagent en rien la responsabilit\u00e9 de la SA du Port de Plaisance de l&rsquo;Herbaudi\u00e8re.<br>Toute personne qui souhaiterait voir son nom retir\u00e9 d\u2019un contenu du site  <br>www.port-herbaudiere.fr peut en faire la demande en utilisant le formulaire Nous contacter<\/p>\n\n\n\n<h3 class=\"wp-block-heading\"><br>Restriction d&rsquo;utilisation<\/h3>\n\n\n\n<p><strong>PROPRIETE INTELLECTUELLE<\/strong><\/p>\n\n\n\n<p>L\u2019ensemble de ce site rel\u00e8ve de la l\u00e9gislation fran\u00e7aise et internationale sur le droit d\u2019auteur et la propri\u00e9t\u00e9 intellectuelle. Tous les droits de reproduction sont r\u00e9serv\u00e9s, y compris pour les documents t\u00e9l\u00e9chargeables et les repr\u00e9sentations iconographiques et photographiques.<br>Les visuels d\u2019illustration de ce site sont propri\u00e9t\u00e9 de la SA du Port de Plaisance de l&rsquo;Herbaudi\u00e8re ou de l&rsquo;Office de Tourisme de l&rsquo;Ile de Noirmoutier.<br>Les droits d\u2019utilisation, de reproduction et de diffusion sont strictement r\u00e9serv\u00e9s \u00e0 la communication de la SA du Port de Plaisance de l&rsquo;Herbaudi\u00e8re.<\/p>\n\n\n\n<p>La reproduction de tout ou partie de ce site sur un support \u00e9lectronique quel qu\u2019il soit est formellement interdite sauf autorisation expresse du directeur de la publication, Monsieur ARRIGHI Dominique, Pr\u00e9sident de la SA du Port de Plaisance de l&rsquo;Herbaudi\u00e8re.<br><\/p>\n\n\n\n<p><strong>UTILISATION DES \u00c9L\u00c9MENTS GRAPHIQUES<\/strong><\/p>\n\n\n\n<p>Le Port de Plaisance de l&rsquo;Heraudi\u00e8re dispose d\u2019une charte graphique destin\u00e9e \u00e0 r\u00e9gir les usages du logo et autres \u00e9l\u00e9ments de la marque &#8211; Port de Plaisance de l&rsquo;Herbaudi\u00e8re.<br>La marque \u2013  Port de Plaisance de l&rsquo;Herbaudi\u00e8re  (logos, visuels, appellations) ne peut \u00eatre utilis\u00e9e sans l\u2019accord express du  <br>Port de Plaisance de l&rsquo;Herbaudi\u00e8re. Cette utilisation doit faire l\u2019objet d\u2019une autorisation \u00e9crite de la part du propri\u00e9taire desdits \u00e9l\u00e9ments graphiques.<br>Toute modification des \u00e9l\u00e9ments constitutifs de la marque \u2013  <br>Port de Plaisance de l&rsquo;Herbaudi\u00e8re ou de ses attributs est interdite.<br>Il en va de m\u00eame pour les photos et illustrations figurant sur le site Internet. Elles sont \u00e9galement prot\u00e9g\u00e9es par le code de la propri\u00e9t\u00e9 intellectuelle. Toute utilisation des illustrations ou photographies pr\u00e9sent\u00e9es sur le site devra faire l\u2019objet d\u2019une autorisation \u00e9crite.<\/p>\n\n\n\n<p>Pour toute demande relative \u00e0 l\u2019utilisation des \u00e9l\u00e9ments graphiques du Port de Plaisance de l&rsquo;Herbaudi\u00e8re  :<br><br>SOCIETE ANONYME DU PORT DE PLAISANCE DE L&rsquo;HERBAUDIERE<br>Route de l&rsquo;Herbaudiere &#8211; 85330 NOIRMOUTIER EN L ILE<br>SIRET 78414338000011<br>RCS La Roche-sur-Yon B 784 143 380<\/p>\n","protected":false},"excerpt":{"rendered":"<p>Le texte qui suit pr\u00e9sente les conditions g\u00e9n\u00e9rales d\u2019utilisation du site www.port-herbaudiere.fr. Tout visiteur du site www.port-herbaudiere.fr admet en avoir pris connaissance et les accepter. Elles ne le d\u00e9chargent pas des obligations qu\u2019il contracte en acc\u00e9dant par un lien \u00e0 [&hellip;]<\/p>\n","protected":false},"author":3,"featured_media":0,"parent":0,"menu_order":0,"comment_status":"closed","ping_status":"closed","template":"","meta":{"_acf_changed":false,"footnotes":""},"class_list":["post-558","page","type-page","status-publish","hentry"],"acf":[],"yoast_head":"<!-- This site is optimized with the Yoast SEO plugin v27.3 - https:\/\/yoast.com\/product\/yoast-seo-wordpress\/ -->\n<title>Mentions legales - Port L\u2019Herbaudiere<\/title>\n<meta name=\"robots\" content=\"index, follow, max-snippet:-1, max-image-preview:large, max-video-preview:-1\" \/>\n<link rel=\"canonical\" href=\"https:\/\/www.port-herbaudiere.fr\/fr\/mentions-legales\/\" \/>\n<meta property=\"og:locale\" content=\"fr_FR\" \/>\n<meta property=\"og:type\" content=\"article\" \/>\n<meta property=\"og:title\" content=\"Mentions legales - Port L\u2019Herbaudiere\" \/>\n<meta property=\"og:description\" content=\"Le texte qui suit pr\u00e9sente les conditions g\u00e9n\u00e9rales d\u2019utilisation du site www.port-herbaudiere.fr. Tout visiteur du site www.port-herbaudiere.fr admet en avoir pris connaissance et les accepter. Elles ne le d\u00e9chargent pas des obligations qu\u2019il contracte en acc\u00e9dant par un lien \u00e0 [&hellip;]\" \/>\n<meta property=\"og:url\" content=\"https:\/\/www.port-herbaudiere.fr\/fr\/mentions-legales\/\" \/>\n<meta property=\"og:site_name\" content=\"Port L\u2019Herbaudiere\" \/>\n<meta property=\"article:publisher\" content=\"https:\/\/www.facebook.com\/Port-de-lHerbaudi%c3%a8re-448560655676783\/\" \/>\n<meta property=\"article:modified_time\" content=\"2019-07-23T09:03:13+00:00\" \/>\n<meta name=\"twitter:card\" content=\"summary_large_image\" \/>\n<meta name=\"twitter:site\" content=\"@PortHerbaudiere\" \/>\n<meta name=\"twitter:label1\" content=\"Dur\u00e9e de lecture estim\u00e9e\" \/>\n\t<meta name=\"twitter:data1\" content=\"4 minutes\" \/>\n<script type=\"application\/ld+json\" class=\"yoast-schema-graph\">{\"@context\":\"https:\\\/\\\/schema.org\",\"@graph\":[{\"@type\":\"WebPage\",\"@id\":\"https:\\\/\\\/www.port-herbaudiere.fr\\\/fr\\\/mentions-legales\\\/\",\"url\":\"https:\\\/\\\/www.port-herbaudiere.fr\\\/fr\\\/mentions-legales\\\/\",\"name\":\"Mentions legales - Port L\u2019Herbaudiere\",\"isPartOf\":{\"@id\":\"https:\\\/\\\/www.port-herbaudiere.fr\\\/fr\\\/#website\"},\"datePublished\":\"2019-02-11T09:17:56+00:00\",\"dateModified\":\"2019-07-23T09:03:13+00:00\",\"breadcrumb\":{\"@id\":\"https:\\\/\\\/www.port-herbaudiere.fr\\\/fr\\\/mentions-legales\\\/#breadcrumb\"},\"inLanguage\":\"fr-FR\",\"potentialAction\":[{\"@type\":\"ReadAction\",\"target\":[\"https:\\\/\\\/www.port-herbaudiere.fr\\\/fr\\\/mentions-legales\\\/\"]}]},{\"@type\":\"BreadcrumbList\",\"@id\":\"https:\\\/\\\/www.port-herbaudiere.fr\\\/fr\\\/mentions-legales\\\/#breadcrumb\",\"itemListElement\":[{\"@type\":\"ListItem\",\"position\":1,\"name\":\"Home\",\"item\":\"https:\\\/\\\/www.port-herbaudiere.fr\\\/fr\\\/\"},{\"@type\":\"ListItem\",\"position\":2,\"name\":\"Mentions legales\"}]},{\"@type\":\"WebSite\",\"@id\":\"https:\\\/\\\/www.port-herbaudiere.fr\\\/fr\\\/#website\",\"url\":\"https:\\\/\\\/www.port-herbaudiere.fr\\\/fr\\\/\",\"name\":\"Port L\u2019Herbaudi\u00e8re\",\"description\":\"\",\"potentialAction\":[{\"@type\":\"SearchAction\",\"target\":{\"@type\":\"EntryPoint\",\"urlTemplate\":\"https:\\\/\\\/www.port-herbaudiere.fr\\\/fr\\\/?s={search_term_string}\"},\"query-input\":{\"@type\":\"PropertyValueSpecification\",\"valueRequired\":true,\"valueName\":\"search_term_string\"}}],\"inLanguage\":\"fr-FR\"}]}<\/script>\n<!-- \/ Yoast SEO plugin. -->","yoast_head_json":{"title":"Mentions legales - Port L\u2019Herbaudiere","robots":{"index":"index","follow":"follow","max-snippet":"max-snippet:-1","max-image-preview":"max-image-preview:large","max-video-preview":"max-video-preview:-1"},"canonical":"https:\/\/www.port-herbaudiere.fr\/fr\/mentions-legales\/","og_locale":"fr_FR","og_type":"article","og_title":"Mentions legales - Port L\u2019Herbaudiere","og_description":"Le texte qui suit pr\u00e9sente les conditions g\u00e9n\u00e9rales d\u2019utilisation du site www.port-herbaudiere.fr. Tout visiteur du site www.port-herbaudiere.fr admet en avoir pris connaissance et les accepter. Elles ne le d\u00e9chargent pas des obligations qu\u2019il contracte en acc\u00e9dant par un lien \u00e0 [&hellip;]","og_url":"https:\/\/www.port-herbaudiere.fr\/fr\/mentions-legales\/","og_site_name":"Port L\u2019Herbaudiere","article_publisher":"https:\/\/www.facebook.com\/Port-de-lHerbaudi%c3%a8re-448560655676783\/","article_modified_time":"2019-07-23T09:03:13+00:00","twitter_card":"summary_large_image","twitter_site":"@PortHerbaudiere","twitter_misc":{"Dur\u00e9e de lecture estim\u00e9e":"4 minutes"},"schema":{"@context":"https:\/\/schema.org","@graph":[{"@type":"WebPage","@id":"https:\/\/www.port-herbaudiere.fr\/fr\/mentions-legales\/","url":"https:\/\/www.port-herbaudiere.fr\/fr\/mentions-legales\/","name":"Mentions legales - Port L\u2019Herbaudiere","isPartOf":{"@id":"https:\/\/www.port-herbaudiere.fr\/fr\/#website"},"datePublished":"2019-02-11T09:17:56+00:00","dateModified":"2019-07-23T09:03:13+00:00","breadcrumb":{"@id":"https:\/\/www.port-herbaudiere.fr\/fr\/mentions-legales\/#breadcrumb"},"inLanguage":"fr-FR","potentialAction":[{"@type":"ReadAction","target":["https:\/\/www.port-herbaudiere.fr\/fr\/mentions-legales\/"]}]},{"@type":"BreadcrumbList","@id":"https:\/\/www.port-herbaudiere.fr\/fr\/mentions-legales\/#breadcrumb","itemListElement":[{"@type":"ListItem","position":1,"name":"Home","item":"https:\/\/www.port-herbaudiere.fr\/fr\/"},{"@type":"ListItem","position":2,"name":"Mentions legales"}]},{"@type":"WebSite","@id":"https:\/\/www.port-herbaudiere.fr\/fr\/#website","url":"https:\/\/www.port-herbaudiere.fr\/fr\/","name":"Port L\u2019Herbaudi\u00e8re","description":"","potentialAction":[{"@type":"SearchAction","target":{"@type":"EntryPoint","urlTemplate":"https:\/\/www.port-herbaudiere.fr\/fr\/?s={search_term_string}"},"query-input":{"@type":"PropertyValueSpecification","valueRequired":true,"valueName":"search_term_string"}}],"inLanguage":"fr-FR"}]}},"_links":{"self":[{"href":"https:\/\/www.port-herbaudiere.fr\/fr\/wp-json\/wp\/v2\/pages\/558","targetHints":{"allow":["GET"]}}],"collection":[{"href":"https:\/\/www.port-herbaudiere.fr\/fr\/wp-json\/wp\/v2\/pages"}],"about":[{"href":"https:\/\/www.port-herbaudiere.fr\/fr\/wp-json\/wp\/v2\/types\/page"}],"author":[{"embeddable":true,"href":"https:\/\/www.port-herbaudiere.fr\/fr\/wp-json\/wp\/v2\/users\/3"}],"replies":[{"embeddable":true,"href":"https:\/\/www.port-herbaudiere.fr\/fr\/wp-json\/wp\/v2\/comments?post=558"}],"version-history":[{"count":5,"href":"https:\/\/www.port-herbaudiere.fr\/fr\/wp-json\/wp\/v2\/pages\/558\/revisions"}],"predecessor-version":[{"id":1429,"href":"https:\/\/www.port-herbaudiere.fr\/fr\/wp-json\/wp\/v2\/pages\/558\/revisions\/1429"}],"wp:attachment":[{"href":"https:\/\/www.port-herbaudiere.fr\/fr\/wp-json\/wp\/v2\/media?parent=558"}],"curies":[{"name":"wp","href":"https:\/\/api.w.org\/{rel}","templated":true}]}}