{"id":551,"date":"2019-02-11T14:01:49","date_gmt":"2019-02-11T14:01:49","guid":{"rendered":"https:\/\/www.port-herbaudiere.fr\/la-capitainerie\/"},"modified":"2026-03-12T08:46:01","modified_gmt":"2026-03-12T08:46:01","slug":"la-capitainerie","status":"publish","type":"page","link":"https:\/\/www.port-herbaudiere.fr\/fr\/le-port\/la-capitainerie\/","title":{"rendered":"La Capitainerie"},"content":{"rendered":"\r\n<section class=\"intro-section\">\t\t<div class=\"row column\">\r\n\t\t\t<div class=\"block-banner\"  data-interchange=\"[\/wp-content\/uploads\/2019\/05\/Capitainerie-Port-Herbaudi\u00e8re.jpg, small], [\/wp-content\/uploads\/2019\/05\/Capitainerie-Port-Herbaudi\u00e8re-1024x386.jpg, medium], [\/wp-content\/uploads\/2019\/05\/Capitainerie-Port-Herbaudi\u00e8re.jpg, large], [\/wp-content\/uploads\/2019\/05\/Capitainerie-Port-Herbaudi\u00e8re.jpg, x-large]\"><\/div>\r\n\t\t\t\t\t<\/div>\r\n\t\r\n<\/section>\r\n\r\n<div class=\"breadcrumb-container\"><div class=\"row column\"><div class=\"breadcrumb\"><span><span><a href=\"https:\/\/www.port-herbaudiere.fr\/fr\/\">Home<\/a><\/span><\/span><\/div><\/div><\/div>\r\n\r\n\r\n\t<div class=\"row column text-center page-title\">\r\n\t\t<h1>La capitainerie<\/h1>\r\n\t<\/div>\r\n\r\n\r\n\r\n\r\n\n\n<div class=\"row default-editor-content\"><div class=\"column medium-10 large-6 medium-centered\">\n<p class=\"has-text-align-center\">L&rsquo;\u00e9quipe du Port de l\u2019Herbaudi\u00e8re vous accueille toute l&rsquo;ann\u00e9e sur l&rsquo;eau comme \u00e0 la Capitainerie.<\/p>\n\n\n\n<p class=\"has-text-align-center\">Et\u00e9 comme hiver, passez \u00e0 la Capitainerie pour trouver une r\u00e9ponse \u00e0 vos questions, d\u00e9couvrir nos services ou consulter nos tarifs.<\/p>\n\n\n\n<p class=\"has-text-align-left\"><strong><em>Horaires d&rsquo;ouverture de la Capitainerie :<\/em><\/strong><\/p>\n\n\n\n<p class=\"has-text-align-center\">Du 15 Octobre au 15 mars : 9h-12h et 14h-17h<\/p>\n\n\n\n<p class=\"has-text-align-center\">Du 15 Mars au 30 Juin : 8h30-12h et 14h-18h<\/p>\n\n\n\n<p class=\"has-text-align-center\">Du 1er Juillet au 31 Ao\u00fbt : 07h30 \u2013 21h sans interruption<\/p>\n\n\n\n<p class=\"has-text-align-center\">Du 1er Septembre au 14 Octobre : 8h30-12h et 14h-18h<\/p>\n\n\n\n<p>L\u2019\u00e9quipe du port de plaisance vous accueille :<\/p>\n\n\n\n<ul class=\"wp-block-list\">\n<li><em><strong>\u00c0 la direction <\/strong><\/em><strong>: <\/strong><\/li>\n<\/ul>\n\n\n\n<p>  &nbsp;&nbsp;&nbsp;&nbsp;&nbsp;&nbsp;&nbsp;&nbsp;&nbsp;&nbsp;&nbsp;&nbsp;&nbsp;&nbsp;&nbsp;  Mr ARRIGHI Dominique \u2013 Pr\u00e9sident Directeur G\u00e9n\u00e9ral<\/p>\n\n\n\n<ul class=\"wp-block-list\">\n<li><em><strong>\u00c0 la capitainerie <\/strong><\/em><strong>:&nbsp;  <\/strong>&nbsp; <\/li>\n<\/ul>\n\n\n\n<p> &nbsp;&nbsp;&nbsp;&nbsp;&nbsp;&nbsp;&nbsp;&nbsp;&nbsp;&nbsp;&nbsp;&nbsp;&nbsp;&nbsp;&nbsp; C\u00e9cile BLONDIAUX \u2013 Service accueil et gestion des emplacements<\/p>\n\n\n\n<p>\u00a0\u00a0\u00a0\u00a0\u00a0\u00a0\u00a0\u00a0\u00a0\u00a0\u00a0\u00a0\u00a0\u00a0\u00a0 Axel PIRES \u2013 Service comptabilit\u00e9<\/p>\n\n\n\n<p><\/p>\n\n\n\n<ul class=\"wp-block-list\">\n<li><em><strong>Sur le plan d\u2019eau <\/strong><\/em><strong>:<\/strong> <\/li>\n<\/ul>\n\n\n\n<p> &nbsp;&nbsp;&nbsp;&nbsp;&nbsp;&nbsp;&nbsp;&nbsp;&nbsp;&nbsp;&nbsp;&nbsp;&nbsp;&nbsp;&nbsp;&nbsp;Thierry COIFFARD \u2013 Responsable technique<\/p>\n\n\n\n<p>  &nbsp;&nbsp;&nbsp;&nbsp;&nbsp;&nbsp;&nbsp;&nbsp;&nbsp;&nbsp;&nbsp;&nbsp;&nbsp;&nbsp;  &nbsp;R\u00e9my KANDULA \u2013 Agent de port<\/p>\n\n\n\n<ul class=\"wp-block-list\">\n<li><em><strong>\u00c0 la manutention <\/strong><\/em><strong>:  <\/strong><\/li>\n<\/ul>\n\n\n\n<p> &nbsp;&nbsp;&nbsp;&nbsp;&nbsp;&nbsp;&nbsp;&nbsp;&nbsp;&nbsp;&nbsp;&nbsp;&nbsp;&nbsp;&nbsp;J\u00e9r\u00f4me MICHAUD \u2013 Grutier<\/p>\n\n\n\n<p class=\"has-text-align-left\">  &nbsp;&nbsp;&nbsp;&nbsp;&nbsp;&nbsp;&nbsp;&nbsp;&nbsp;&nbsp;&nbsp;&nbsp;&nbsp;  &nbsp;K\u00e9vin PENISSON \u2013 Agent de port<\/p>\n\n\n\n<div style=\"height:100px\" aria-hidden=\"true\" class=\"wp-block-spacer\"><\/div>\n","protected":false},"excerpt":{"rendered":"<p>L&rsquo;\u00e9quipe du Port de l\u2019Herbaudi\u00e8re vous accueille toute l&rsquo;ann\u00e9e sur l&rsquo;eau comme \u00e0 la Capitainerie. Et\u00e9 comme hiver, passez \u00e0 la Capitainerie pour trouver une r\u00e9ponse \u00e0 vos questions, d\u00e9couvrir nos services ou consulter nos tarifs. Horaires d&rsquo;ouverture de la [&hellip;]<\/p>\n","protected":false},"author":3,"featured_media":0,"parent":561,"menu_order":0,"comment_status":"closed","ping_status":"closed","template":"","meta":{"_acf_changed":false,"footnotes":""},"class_list":["post-551","page","type-page","status-publish","hentry"],"acf":[],"yoast_head":"<!-- This site is optimized with the Yoast SEO plugin v27.3 - https:\/\/yoast.com\/product\/yoast-seo-wordpress\/ -->\n<title>La Capitainerie - Port L\u2019Herbaudiere<\/title>\n<meta name=\"robots\" content=\"index, follow, max-snippet:-1, max-image-preview:large, max-video-preview:-1\" \/>\n<link rel=\"canonical\" href=\"https:\/\/www.port-herbaudiere.fr\/fr\/le-port\/la-capitainerie\/\" \/>\n<meta property=\"og:locale\" content=\"fr_FR\" \/>\n<meta property=\"og:type\" content=\"article\" \/>\n<meta property=\"og:title\" content=\"La Capitainerie - Port L\u2019Herbaudiere\" \/>\n<meta property=\"og:description\" content=\"L&rsquo;\u00e9quipe du Port de l\u2019Herbaudi\u00e8re vous accueille toute l&rsquo;ann\u00e9e sur l&rsquo;eau comme \u00e0 la Capitainerie. Et\u00e9 comme hiver, passez \u00e0 la Capitainerie pour trouver une r\u00e9ponse \u00e0 vos questions, d\u00e9couvrir nos services ou consulter nos tarifs. Horaires d&rsquo;ouverture de la [&hellip;]\" \/>\n<meta property=\"og:url\" content=\"https:\/\/www.port-herbaudiere.fr\/fr\/le-port\/la-capitainerie\/\" \/>\n<meta property=\"og:site_name\" content=\"Port L\u2019Herbaudiere\" \/>\n<meta property=\"article:publisher\" content=\"https:\/\/www.facebook.com\/Port-de-lHerbaudi%c3%a8re-448560655676783\/\" \/>\n<meta property=\"article:modified_time\" content=\"2026-03-12T08:46:01+00:00\" \/>\n<meta name=\"twitter:card\" content=\"summary_large_image\" \/>\n<meta name=\"twitter:site\" content=\"@PortHerbaudiere\" \/>\n<meta name=\"twitter:label1\" content=\"Dur\u00e9e de lecture estim\u00e9e\" \/>\n\t<meta name=\"twitter:data1\" content=\"1 minute\" \/>\n<script type=\"application\/ld+json\" class=\"yoast-schema-graph\">{\"@context\":\"https:\\\/\\\/schema.org\",\"@graph\":[{\"@type\":\"WebPage\",\"@id\":\"https:\\\/\\\/www.port-herbaudiere.fr\\\/fr\\\/le-port\\\/la-capitainerie\\\/\",\"url\":\"https:\\\/\\\/www.port-herbaudiere.fr\\\/fr\\\/le-port\\\/la-capitainerie\\\/\",\"name\":\"La Capitainerie - Port L\u2019Herbaudiere\",\"isPartOf\":{\"@id\":\"https:\\\/\\\/www.port-herbaudiere.fr\\\/fr\\\/#website\"},\"datePublished\":\"2019-02-11T14:01:49+00:00\",\"dateModified\":\"2026-03-12T08:46:01+00:00\",\"breadcrumb\":{\"@id\":\"https:\\\/\\\/www.port-herbaudiere.fr\\\/fr\\\/le-port\\\/la-capitainerie\\\/#breadcrumb\"},\"inLanguage\":\"fr-FR\",\"potentialAction\":[{\"@type\":\"ReadAction\",\"target\":[\"https:\\\/\\\/www.port-herbaudiere.fr\\\/fr\\\/le-port\\\/la-capitainerie\\\/\"]}]},{\"@type\":\"BreadcrumbList\",\"@id\":\"https:\\\/\\\/www.port-herbaudiere.fr\\\/fr\\\/le-port\\\/la-capitainerie\\\/#breadcrumb\",\"itemListElement\":[{\"@type\":\"ListItem\",\"position\":1,\"name\":\"Home\",\"item\":\"https:\\\/\\\/www.port-herbaudiere.fr\\\/fr\\\/\"},{\"@type\":\"ListItem\",\"position\":2,\"name\":\"Le Port\",\"item\":\"https:\\\/\\\/www.port-herbaudiere.fr\\\/fr\\\/le-port\\\/\"},{\"@type\":\"ListItem\",\"position\":3,\"name\":\"La Capitainerie\"}]},{\"@type\":\"WebSite\",\"@id\":\"https:\\\/\\\/www.port-herbaudiere.fr\\\/fr\\\/#website\",\"url\":\"https:\\\/\\\/www.port-herbaudiere.fr\\\/fr\\\/\",\"name\":\"Port L\u2019Herbaudi\u00e8re\",\"description\":\"\",\"potentialAction\":[{\"@type\":\"SearchAction\",\"target\":{\"@type\":\"EntryPoint\",\"urlTemplate\":\"https:\\\/\\\/www.port-herbaudiere.fr\\\/fr\\\/?s={search_term_string}\"},\"query-input\":{\"@type\":\"PropertyValueSpecification\",\"valueRequired\":true,\"valueName\":\"search_term_string\"}}],\"inLanguage\":\"fr-FR\"}]}<\/script>\n<!-- \/ Yoast SEO plugin. -->","yoast_head_json":{"title":"La Capitainerie - Port L\u2019Herbaudiere","robots":{"index":"index","follow":"follow","max-snippet":"max-snippet:-1","max-image-preview":"max-image-preview:large","max-video-preview":"max-video-preview:-1"},"canonical":"https:\/\/www.port-herbaudiere.fr\/fr\/le-port\/la-capitainerie\/","og_locale":"fr_FR","og_type":"article","og_title":"La Capitainerie - Port L\u2019Herbaudiere","og_description":"L&rsquo;\u00e9quipe du Port de l\u2019Herbaudi\u00e8re vous accueille toute l&rsquo;ann\u00e9e sur l&rsquo;eau comme \u00e0 la Capitainerie. Et\u00e9 comme hiver, passez \u00e0 la Capitainerie pour trouver une r\u00e9ponse \u00e0 vos questions, d\u00e9couvrir nos services ou consulter nos tarifs. Horaires d&rsquo;ouverture de la [&hellip;]","og_url":"https:\/\/www.port-herbaudiere.fr\/fr\/le-port\/la-capitainerie\/","og_site_name":"Port L\u2019Herbaudiere","article_publisher":"https:\/\/www.facebook.com\/Port-de-lHerbaudi%c3%a8re-448560655676783\/","article_modified_time":"2026-03-12T08:46:01+00:00","twitter_card":"summary_large_image","twitter_site":"@PortHerbaudiere","twitter_misc":{"Dur\u00e9e de lecture estim\u00e9e":"1 minute"},"schema":{"@context":"https:\/\/schema.org","@graph":[{"@type":"WebPage","@id":"https:\/\/www.port-herbaudiere.fr\/fr\/le-port\/la-capitainerie\/","url":"https:\/\/www.port-herbaudiere.fr\/fr\/le-port\/la-capitainerie\/","name":"La Capitainerie - Port L\u2019Herbaudiere","isPartOf":{"@id":"https:\/\/www.port-herbaudiere.fr\/fr\/#website"},"datePublished":"2019-02-11T14:01:49+00:00","dateModified":"2026-03-12T08:46:01+00:00","breadcrumb":{"@id":"https:\/\/www.port-herbaudiere.fr\/fr\/le-port\/la-capitainerie\/#breadcrumb"},"inLanguage":"fr-FR","potentialAction":[{"@type":"ReadAction","target":["https:\/\/www.port-herbaudiere.fr\/fr\/le-port\/la-capitainerie\/"]}]},{"@type":"BreadcrumbList","@id":"https:\/\/www.port-herbaudiere.fr\/fr\/le-port\/la-capitainerie\/#breadcrumb","itemListElement":[{"@type":"ListItem","position":1,"name":"Home","item":"https:\/\/www.port-herbaudiere.fr\/fr\/"},{"@type":"ListItem","position":2,"name":"Le Port","item":"https:\/\/www.port-herbaudiere.fr\/fr\/le-port\/"},{"@type":"ListItem","position":3,"name":"La Capitainerie"}]},{"@type":"WebSite","@id":"https:\/\/www.port-herbaudiere.fr\/fr\/#website","url":"https:\/\/www.port-herbaudiere.fr\/fr\/","name":"Port L\u2019Herbaudi\u00e8re","description":"","potentialAction":[{"@type":"SearchAction","target":{"@type":"EntryPoint","urlTemplate":"https:\/\/www.port-herbaudiere.fr\/fr\/?s={search_term_string}"},"query-input":{"@type":"PropertyValueSpecification","valueRequired":true,"valueName":"search_term_string"}}],"inLanguage":"fr-FR"}]}},"_links":{"self":[{"href":"https:\/\/www.port-herbaudiere.fr\/fr\/wp-json\/wp\/v2\/pages\/551","targetHints":{"allow":["GET"]}}],"collection":[{"href":"https:\/\/www.port-herbaudiere.fr\/fr\/wp-json\/wp\/v2\/pages"}],"about":[{"href":"https:\/\/www.port-herbaudiere.fr\/fr\/wp-json\/wp\/v2\/types\/page"}],"author":[{"embeddable":true,"href":"https:\/\/www.port-herbaudiere.fr\/fr\/wp-json\/wp\/v2\/users\/3"}],"replies":[{"embeddable":true,"href":"https:\/\/www.port-herbaudiere.fr\/fr\/wp-json\/wp\/v2\/comments?post=551"}],"version-history":[{"count":4,"href":"https:\/\/www.port-herbaudiere.fr\/fr\/wp-json\/wp\/v2\/pages\/551\/revisions"}],"predecessor-version":[{"id":3971,"href":"https:\/\/www.port-herbaudiere.fr\/fr\/wp-json\/wp\/v2\/pages\/551\/revisions\/3971"}],"up":[{"embeddable":true,"href":"https:\/\/www.port-herbaudiere.fr\/fr\/wp-json\/wp\/v2\/pages\/561"}],"wp:attachment":[{"href":"https:\/\/www.port-herbaudiere.fr\/fr\/wp-json\/wp\/v2\/media?parent=551"}],"curies":[{"name":"wp","href":"https:\/\/api.w.org\/{rel}","templated":true}]}}