{"id":550,"date":"2019-02-11T14:02:05","date_gmt":"2019-02-11T14:02:05","guid":{"rendered":"https:\/\/www.port-herbaudiere.fr\/lequipe\/"},"modified":"2024-07-05T15:57:28","modified_gmt":"2024-07-05T15:57:28","slug":"accueil","status":"publish","type":"page","link":"https:\/\/www.port-herbaudiere.fr\/fr\/le-port\/accueil\/","title":{"rendered":"Accueil"},"content":{"rendered":"\r\n<section class=\"intro-section\">\t\t<div class=\"row column\">\r\n\t\t\t<div class=\"block-banner\"  data-interchange=\"[\/wp-content\/uploads\/2019\/03\/Slider-Port-de-Plaisance-Herbaudi\u00e8re-1-1280x600.jpg, small], [\/wp-content\/uploads\/2019\/03\/Slider-Port-de-Plaisance-Herbaudi\u00e8re-1-1024x386.jpg, medium], [\/wp-content\/uploads\/2019\/03\/Slider-Port-de-Plaisance-Herbaudi\u00e8re-1-1920x724.jpg, large], [\/wp-content\/uploads\/2019\/03\/Slider-Port-de-Plaisance-Herbaudi\u00e8re-1-1920x905.jpg, x-large]\"><\/div>\r\n\t\t\t\t\t<\/div>\r\n\t\r\n<\/section>\r\n\r\n<div class=\"breadcrumb-container\"><div class=\"row column\"><div class=\"breadcrumb\"><span><span><a href=\"https:\/\/www.port-herbaudiere.fr\/fr\/\">Home<\/a><\/span><\/span><\/div><\/div><\/div>\r\n\r\n\r\n\t<div class=\"row column text-center page-title\">\r\n\t\t<h1>Accueil<\/h1>\r\n\t<\/div>\r\n\r\n\r\n\r\n\r\n\n\n<div class=\"row default-editor-content\"><div class=\"column medium-10 large-6 medium-centered\">\n<p>Le port de plaisance l\u2019Herbaudi\u00e8re sur l\u2019\u00eele de Noirmoutier a \u00e9t\u00e9 l\u2019un des premiers ports de plaisance en eau profonde construit en Vend\u00e9e en 1973. Agrandi en 2005 puis 2010 et parfaitement entretenu (investissements r\u00e9guliers), il offre aujourd\u2019hui une capacit\u00e9 d\u2019accueil de 574 emplacements. <\/p>\n\n\n\n<p>Le port de plaisance l\u2019Herbaudi\u00e8re sur l\u2019\u00eele de Noirmoutier &nbsp;sous forme de SA \u00e0 gestion priv\u00e9e propose des amodiations jusqu\u2019en 2037. Elle affirme d\u00e9j\u00e0 une volont\u00e9 de prolonger ce statut en innovant pour accueillir notamment la nouvelle plaisance connect\u00e9e. <\/p>\n\n\n\n<p>Le port de l\u2019Herbaudi\u00e8re sur l\u2019\u00eele de Noirmoutier offre 10 cat\u00e9gories de places : 6 m, 6,40 m, 7,60 m, 8,50 m, 10 m, 11,50 m, 12 m, 13 m, 15 m et 17 m (pour plus d\u2019informations, la capitainerie du port saura vous renseigner).<\/p>\n\n\n\n<figure class=\"wp-block-image\"><img loading=\"lazy\" decoding=\"async\" width=\"640\" height=\"640\" src=\"\/wp-content\/uploads\/2019\/03\/19228386_450403112002208_2330647209852272640_n.jpg\" alt=\"\" class=\"wp-image-886\" srcset=\"https:\/\/www.port-herbaudiere.fr\/wp-content\/uploads\/2019\/03\/19228386_450403112002208_2330647209852272640_n.jpg 640w, https:\/\/www.port-herbaudiere.fr\/wp-content\/uploads\/2019\/03\/19228386_450403112002208_2330647209852272640_n-150x150.jpg 150w, https:\/\/www.port-herbaudiere.fr\/wp-content\/uploads\/2019\/03\/19228386_450403112002208_2330647209852272640_n-300x300.jpg 300w, https:\/\/www.port-herbaudiere.fr\/wp-content\/uploads\/2019\/03\/19228386_450403112002208_2330647209852272640_n-240x240.jpg 240w, https:\/\/www.port-herbaudiere.fr\/wp-content\/uploads\/2019\/03\/19228386_450403112002208_2330647209852272640_n-290x290.jpg 290w, https:\/\/www.port-herbaudiere.fr\/wp-content\/uploads\/2019\/03\/19228386_450403112002208_2330647209852272640_n-38x38.jpg 38w, https:\/\/www.port-herbaudiere.fr\/wp-content\/uploads\/2019\/03\/19228386_450403112002208_2330647209852272640_n-160x160.jpg 160w, https:\/\/www.port-herbaudiere.fr\/wp-content\/uploads\/2019\/03\/19228386_450403112002208_2330647209852272640_n-347x347.jpg 347w, https:\/\/www.port-herbaudiere.fr\/wp-content\/uploads\/2019\/03\/19228386_450403112002208_2330647209852272640_n-600x600.jpg 600w\" sizes=\"auto, (max-width: 640px) 100vw, 640px\" \/><\/figure>\n\n\n\n<p>Situ\u00e9 au sud de la Bretagne et au nord de la Nouvelle Aquitaine en Pays de la Loire dans le d\u00e9partement de la Vend\u00e9e, sur l\u2019\u00eele de Noirmoutier, il offre une grande diversit\u00e9 de navigations possibles en mettant cap au nord vers l\u2019estuaire de la Loire, La Baule, Belle-\u00cele, l\u2019\u00eele de Houat, l\u2019\u00eele Ho\u00ebdic, la Trinit\u00e9, Le Crouesty, ou l&rsquo;\u00eele de Groix et cap au sud vers l\u2019\u00eele d\u2019Yeu, les Sables d\u2019Olonne (Port du Vend\u00e9e Globe), la Rochelle, l\u2019\u00eele de R\u00e9, l\u2019\u00eele d\u2019Ol\u00e9ron ou encore l\u2019\u00eele d\u2019Aix. L\u2019\u00eele de Noirmoutier propose un environnement pr\u00e9serv\u00e9 unique en son genre (architecture, for\u00eats de pins maritimes, marais, plages\u2026) et un paradis pour les balades \u00e0 v\u00e9los.<\/p>\n\n\n\n<p>A la pointe nord de l\u2019\u00eele, le port de l\u2019Herbaudi\u00e8re vous offrira une alternative de navigation exceptionnelle en toute saison c\u00f4t\u00e9 Atlantique ou c\u00f4t\u00e9 Baie de Bourgneuf entre Pornic et l\u2019\u00eele de Noirmoutier.<\/p>\n\n\n\n<p>Port de plaisance central des \u00eeles de l\u2019Atlantique, le port de l\u2019Herbaudi\u00e8re est situ\u00e9 \u00e0 :<\/p>\n\n\n\n<ul class=\"wp-block-list\">\n<li>16 milles de La Baule-Pornichet<\/li>\n\n\n\n<li>40 milles de Belle-Ile<\/li>\n\n\n\n<li>35 milles de l\u2019\u00eele de Houat<\/li>\n\n\n\n<li>30 milles de l\u2019\u00eele Ho\u00ebdic<\/li>\n\n\n\n<li>48 milles de La Trinit\u00e9<\/li>\n\n\n\n<li>45 milles de Le Crouesty<\/li>\n\n\n\n<li>65 milles de \u00eele de Groix<\/li>\n\n\n\n<li>23 milles de l\u2019\u00eele d\u2019Yeu<\/li>\n\n\n\n<li>47 milles des Sables d\u2019Olonne<\/li>\n\n\n\n<li>80 milles de la Rochelle<\/li>\n\n\n\n<li>70 milles de l\u2019\u00eele de R\u00e9<\/li>\n\n\n\n<li>80 milles de l\u2019\u00eele d\u2019Ol\u00e9ron <\/li>\n\n\n\n<li>85 milles de l\u2019\u00eele d\u2019Aix<\/li>\n<\/ul>\n\n\n\n<p>Quelques places disponibles actuellement (via acquisitions d\u2019actions) dans certaines cat\u00e9gories, renseignements aupr\u00e8s de la capitainerie.<\/p>\n\n\n\n<hr class=\"wp-block-separator has-css-opacity\"\/>\n\n\n\n<p><strong>Services<\/strong> : grutage, sanitaires, parking, parc ferm\u00e9, station carburant, aire de car\u00e9nages avec mat\u00e9riel, manutention, wifi gratuit\u2026     <\/p>\n\n\n\n<p><strong>S\u00e9curit\u00e9<\/strong> : vid\u00e9osurveillance, acc\u00e8s contr\u00f4l\u00e9.<\/p>\n\n\n\n<p><strong>Nautisme<\/strong> : Uship accastillage, Coop\u00e9rative maritime, Ateliers de voileries, m\u00e9canique marine (Mercury, Baudoin, Volvo Penta, Yamaha\u2026), Electronique marine (Garmin, Hummindird, Navicom, Raymarine\u2026), concessions Beneteau, Jeanneau, Boston Whaler, Bombard\u2026<\/p>\n\n\n\n<p><strong>Environnement<\/strong> : Espace verts, port arbor\u00e9 et fleuri, pompes \u00e0 eaux noires, collecte s\u00e9lective des d\u00e9chets par containers enterr\u00e9s.<\/p>\n\n\n\n<p><strong>Restauration<\/strong> : 25 bars et restaurants, en passant de La Marine du chef Alexandre Couillon (3 \u00e9toiles Michelin) aux bars \u00e0 huitres.<\/p>\n\n\n\n<p><\/p>\n","protected":false},"excerpt":{"rendered":"<p>Le port de plaisance l\u2019Herbaudi\u00e8re sur l\u2019\u00eele de Noirmoutier a \u00e9t\u00e9 l\u2019un des premiers ports de plaisance en eau profonde construit en Vend\u00e9e en 1973. Agrandi en 2005 puis 2010 et parfaitement entretenu (investissements r\u00e9guliers), il offre aujourd\u2019hui une capacit\u00e9 [&hellip;]<\/p>\n","protected":false},"author":3,"featured_media":0,"parent":561,"menu_order":0,"comment_status":"closed","ping_status":"closed","template":"","meta":{"_acf_changed":false,"footnotes":""},"class_list":["post-550","page","type-page","status-publish","hentry"],"acf":[],"yoast_head":"<!-- This site is optimized with the Yoast SEO plugin v27.3 - https:\/\/yoast.com\/product\/yoast-seo-wordpress\/ -->\n<title>Accueil - Port L\u2019Herbaudiere<\/title>\n<meta name=\"description\" content=\"Le port de l\u2019Herbaudi\u00e8re sur l\u2019\u00eele de Noirmoutier offre 595 places de : 6 m, 6,40 m, 7,60 m, 8,50 m, 10 m, 11,50 m, 12 m, 13 m, 15 m et 17 m\" \/>\n<meta name=\"robots\" content=\"index, follow, max-snippet:-1, max-image-preview:large, max-video-preview:-1\" \/>\n<link rel=\"canonical\" href=\"https:\/\/www.port-herbaudiere.fr\/fr\/le-port\/accueil\/\" \/>\n<meta property=\"og:locale\" content=\"fr_FR\" \/>\n<meta property=\"og:type\" content=\"article\" \/>\n<meta property=\"og:title\" content=\"Accueil - Port L\u2019Herbaudiere\" \/>\n<meta property=\"og:description\" content=\"Le port de l\u2019Herbaudi\u00e8re sur l\u2019\u00eele de Noirmoutier offre 595 places de : 6 m, 6,40 m, 7,60 m, 8,50 m, 10 m, 11,50 m, 12 m, 13 m, 15 m et 17 m\" \/>\n<meta property=\"og:url\" content=\"https:\/\/www.port-herbaudiere.fr\/fr\/le-port\/accueil\/\" \/>\n<meta property=\"og:site_name\" content=\"Port L\u2019Herbaudiere\" \/>\n<meta property=\"article:publisher\" content=\"https:\/\/www.facebook.com\/Port-de-lHerbaudi%c3%a8re-448560655676783\/\" \/>\n<meta property=\"article:modified_time\" content=\"2024-07-05T15:57:28+00:00\" \/>\n<meta name=\"twitter:card\" content=\"summary_large_image\" \/>\n<meta name=\"twitter:site\" content=\"@PortHerbaudiere\" \/>\n<meta name=\"twitter:label1\" content=\"Dur\u00e9e de lecture estim\u00e9e\" \/>\n\t<meta name=\"twitter:data1\" content=\"3 minutes\" \/>\n<script type=\"application\/ld+json\" class=\"yoast-schema-graph\">{\"@context\":\"https:\\\/\\\/schema.org\",\"@graph\":[{\"@type\":\"WebPage\",\"@id\":\"https:\\\/\\\/www.port-herbaudiere.fr\\\/fr\\\/le-port\\\/accueil\\\/\",\"url\":\"https:\\\/\\\/www.port-herbaudiere.fr\\\/fr\\\/le-port\\\/accueil\\\/\",\"name\":\"Accueil - Port L\u2019Herbaudiere\",\"isPartOf\":{\"@id\":\"https:\\\/\\\/www.port-herbaudiere.fr\\\/fr\\\/#website\"},\"datePublished\":\"2019-02-11T14:02:05+00:00\",\"dateModified\":\"2024-07-05T15:57:28+00:00\",\"description\":\"Le port de l\u2019Herbaudi\u00e8re sur l\u2019\u00eele de Noirmoutier offre 595 places de : 6 m, 6,40 m, 7,60 m, 8,50 m, 10 m, 11,50 m, 12 m, 13 m, 15 m et 17 m\",\"breadcrumb\":{\"@id\":\"https:\\\/\\\/www.port-herbaudiere.fr\\\/fr\\\/le-port\\\/accueil\\\/#breadcrumb\"},\"inLanguage\":\"fr-FR\",\"potentialAction\":[{\"@type\":\"ReadAction\",\"target\":[\"https:\\\/\\\/www.port-herbaudiere.fr\\\/fr\\\/le-port\\\/accueil\\\/\"]}]},{\"@type\":\"BreadcrumbList\",\"@id\":\"https:\\\/\\\/www.port-herbaudiere.fr\\\/fr\\\/le-port\\\/accueil\\\/#breadcrumb\",\"itemListElement\":[{\"@type\":\"ListItem\",\"position\":1,\"name\":\"Home\",\"item\":\"https:\\\/\\\/www.port-herbaudiere.fr\\\/fr\\\/\"},{\"@type\":\"ListItem\",\"position\":2,\"name\":\"Le Port\",\"item\":\"https:\\\/\\\/www.port-herbaudiere.fr\\\/fr\\\/le-port\\\/\"},{\"@type\":\"ListItem\",\"position\":3,\"name\":\"Accueil\"}]},{\"@type\":\"WebSite\",\"@id\":\"https:\\\/\\\/www.port-herbaudiere.fr\\\/fr\\\/#website\",\"url\":\"https:\\\/\\\/www.port-herbaudiere.fr\\\/fr\\\/\",\"name\":\"Port L\u2019Herbaudi\u00e8re\",\"description\":\"\",\"potentialAction\":[{\"@type\":\"SearchAction\",\"target\":{\"@type\":\"EntryPoint\",\"urlTemplate\":\"https:\\\/\\\/www.port-herbaudiere.fr\\\/fr\\\/?s={search_term_string}\"},\"query-input\":{\"@type\":\"PropertyValueSpecification\",\"valueRequired\":true,\"valueName\":\"search_term_string\"}}],\"inLanguage\":\"fr-FR\"}]}<\/script>\n<!-- \/ Yoast SEO plugin. -->","yoast_head_json":{"title":"Accueil - Port L\u2019Herbaudiere","description":"Le port de l\u2019Herbaudi\u00e8re sur l\u2019\u00eele de Noirmoutier offre 595 places de : 6 m, 6,40 m, 7,60 m, 8,50 m, 10 m, 11,50 m, 12 m, 13 m, 15 m et 17 m","robots":{"index":"index","follow":"follow","max-snippet":"max-snippet:-1","max-image-preview":"max-image-preview:large","max-video-preview":"max-video-preview:-1"},"canonical":"https:\/\/www.port-herbaudiere.fr\/fr\/le-port\/accueil\/","og_locale":"fr_FR","og_type":"article","og_title":"Accueil - Port L\u2019Herbaudiere","og_description":"Le port de l\u2019Herbaudi\u00e8re sur l\u2019\u00eele de Noirmoutier offre 595 places de : 6 m, 6,40 m, 7,60 m, 8,50 m, 10 m, 11,50 m, 12 m, 13 m, 15 m et 17 m","og_url":"https:\/\/www.port-herbaudiere.fr\/fr\/le-port\/accueil\/","og_site_name":"Port L\u2019Herbaudiere","article_publisher":"https:\/\/www.facebook.com\/Port-de-lHerbaudi%c3%a8re-448560655676783\/","article_modified_time":"2024-07-05T15:57:28+00:00","twitter_card":"summary_large_image","twitter_site":"@PortHerbaudiere","twitter_misc":{"Dur\u00e9e de lecture estim\u00e9e":"3 minutes"},"schema":{"@context":"https:\/\/schema.org","@graph":[{"@type":"WebPage","@id":"https:\/\/www.port-herbaudiere.fr\/fr\/le-port\/accueil\/","url":"https:\/\/www.port-herbaudiere.fr\/fr\/le-port\/accueil\/","name":"Accueil - Port L\u2019Herbaudiere","isPartOf":{"@id":"https:\/\/www.port-herbaudiere.fr\/fr\/#website"},"datePublished":"2019-02-11T14:02:05+00:00","dateModified":"2024-07-05T15:57:28+00:00","description":"Le port de l\u2019Herbaudi\u00e8re sur l\u2019\u00eele de Noirmoutier offre 595 places de : 6 m, 6,40 m, 7,60 m, 8,50 m, 10 m, 11,50 m, 12 m, 13 m, 15 m et 17 m","breadcrumb":{"@id":"https:\/\/www.port-herbaudiere.fr\/fr\/le-port\/accueil\/#breadcrumb"},"inLanguage":"fr-FR","potentialAction":[{"@type":"ReadAction","target":["https:\/\/www.port-herbaudiere.fr\/fr\/le-port\/accueil\/"]}]},{"@type":"BreadcrumbList","@id":"https:\/\/www.port-herbaudiere.fr\/fr\/le-port\/accueil\/#breadcrumb","itemListElement":[{"@type":"ListItem","position":1,"name":"Home","item":"https:\/\/www.port-herbaudiere.fr\/fr\/"},{"@type":"ListItem","position":2,"name":"Le Port","item":"https:\/\/www.port-herbaudiere.fr\/fr\/le-port\/"},{"@type":"ListItem","position":3,"name":"Accueil"}]},{"@type":"WebSite","@id":"https:\/\/www.port-herbaudiere.fr\/fr\/#website","url":"https:\/\/www.port-herbaudiere.fr\/fr\/","name":"Port L\u2019Herbaudi\u00e8re","description":"","potentialAction":[{"@type":"SearchAction","target":{"@type":"EntryPoint","urlTemplate":"https:\/\/www.port-herbaudiere.fr\/fr\/?s={search_term_string}"},"query-input":{"@type":"PropertyValueSpecification","valueRequired":true,"valueName":"search_term_string"}}],"inLanguage":"fr-FR"}]}},"_links":{"self":[{"href":"https:\/\/www.port-herbaudiere.fr\/fr\/wp-json\/wp\/v2\/pages\/550","targetHints":{"allow":["GET"]}}],"collection":[{"href":"https:\/\/www.port-herbaudiere.fr\/fr\/wp-json\/wp\/v2\/pages"}],"about":[{"href":"https:\/\/www.port-herbaudiere.fr\/fr\/wp-json\/wp\/v2\/types\/page"}],"author":[{"embeddable":true,"href":"https:\/\/www.port-herbaudiere.fr\/fr\/wp-json\/wp\/v2\/users\/3"}],"replies":[{"embeddable":true,"href":"https:\/\/www.port-herbaudiere.fr\/fr\/wp-json\/wp\/v2\/comments?post=550"}],"version-history":[{"count":5,"href":"https:\/\/www.port-herbaudiere.fr\/fr\/wp-json\/wp\/v2\/pages\/550\/revisions"}],"predecessor-version":[{"id":3179,"href":"https:\/\/www.port-herbaudiere.fr\/fr\/wp-json\/wp\/v2\/pages\/550\/revisions\/3179"}],"up":[{"embeddable":true,"href":"https:\/\/www.port-herbaudiere.fr\/fr\/wp-json\/wp\/v2\/pages\/561"}],"wp:attachment":[{"href":"https:\/\/www.port-herbaudiere.fr\/fr\/wp-json\/wp\/v2\/media?parent=550"}],"curies":[{"name":"wp","href":"https:\/\/api.w.org\/{rel}","templated":true}]}}