{"id":549,"date":"2019-02-11T14:02:22","date_gmt":"2019-02-11T14:02:22","guid":{"rendered":"https:\/\/www.port-herbaudiere.fr\/lhistoire\/"},"modified":"2019-06-25T08:57:26","modified_gmt":"2019-06-25T08:57:26","slug":"the-story","status":"publish","type":"page","link":"https:\/\/www.port-herbaudiere.fr\/fr\/le-port\/the-story\/","title":{"rendered":"L&rsquo;histoire"},"content":{"rendered":"\r\n<section class=\"intro-section\">\t\t<div class=\"row column\">\r\n\t\t\t<div class=\"block-banner\"  data-interchange=\"[\/wp-content\/uploads\/2019\/06\/Histoire_Herbaudi\u00e8reejpg.jpg, small], [\/wp-content\/uploads\/2019\/06\/Histoire_Herbaudi\u00e8reejpg-1024x386.jpg, medium], [\/wp-content\/uploads\/2019\/06\/Histoire_Herbaudi\u00e8reejpg.jpg, large], [\/wp-content\/uploads\/2019\/06\/Histoire_Herbaudi\u00e8reejpg.jpg, x-large]\"><\/div>\r\n\t\t\t\t\t<\/div>\r\n\t\r\n<\/section>\r\n\r\n<div class=\"breadcrumb-container\"><div class=\"row column\"><div class=\"breadcrumb\"><span><span><a href=\"https:\/\/www.port-herbaudiere.fr\/fr\/\">Home<\/a><\/span><\/span><\/div><\/div><\/div>\r\n\r\n\r\n\t<div class=\"row column text-center page-title\">\r\n\t\t<h1>L&rsquo;histoire<\/h1>\r\n\t<\/div>\r\n\r\n\r\n\r\n\r\n\n\n<div class=\"row default-editor-content\"><div class=\"column medium-10 large-6 medium-centered\">\n<p>Situ\u00e9e \u00e0 l\u2019extr\u00eame pointe nord ouest de l\u2019\u00eele de Noirmoutier, l\u2019anse de l\u2019Herbaudi\u00e8re servait d\u2019abri pour les bateau-pilotes de l\u2019entr\u00e9e de la Loire d\u00e8s le 17e si\u00e8cle.<br><br>\u00c0 la demande de la chambre de commerce de Nantes, une premi\u00e8re grande jet\u00e9e est am\u00e9nag\u00e9e \u00e0 partir de 1869, suivie d\u2019une deuxi\u00e8me en 1950, qui constituera un bassin&nbsp;prot\u00e9g\u00e9 : le port de l\u2019Herbaudi\u00e8re est n\u00e9&nbsp;!<\/p>\n\n\n\n<p>Au d\u00e9but du XX si\u00e8cle, le port de p\u00eache de l&rsquo;Herbaudi\u00e8re est un port sardinier. De nombreuses pinasses (petites barques), barr\u00e9es par des \u00e9quipages noirmoutrins, assurent une p\u00eache importante. L&rsquo;\u00eele compte alors 4 conserveries qui absorbent presque la totalit\u00e9 des apports de sardines. Lorsque la derni\u00e8re conserverie ferme en 1965, l&rsquo;activit\u00e9 perdure gr\u00e2ce au crabe et \u00e0 l&rsquo;araign\u00e9e.<\/p>\n\n\n\n<p><br>En 1973, on y installe un port de plaisance&nbsp;: ce sera le 1er&nbsp;construit en Vend\u00e9e. En 1976, gr\u00e2ce \u00e0 un dragage consid\u00e9rable, le port devient un port \u00ab&nbsp;en eaux profondes&nbsp;\u00bb, le lib\u00e9rant de la contrainte des mar\u00e9es. \u00c0 ce jour, on recense 574 places de bateaux.<\/p>\n","protected":false},"excerpt":{"rendered":"<p>Situ\u00e9e \u00e0 l\u2019extr\u00eame pointe nord ouest de l\u2019\u00eele de Noirmoutier, l\u2019anse de l\u2019Herbaudi\u00e8re servait d\u2019abri pour les bateau-pilotes de l\u2019entr\u00e9e de la Loire d\u00e8s le 17e si\u00e8cle. \u00c0 la demande de la chambre de commerce de Nantes, une premi\u00e8re grande [&hellip;]<\/p>\n","protected":false},"author":3,"featured_media":0,"parent":561,"menu_order":0,"comment_status":"closed","ping_status":"closed","template":"","meta":{"_acf_changed":false,"footnotes":""},"class_list":["post-549","page","type-page","status-publish","hentry"],"acf":[],"yoast_head":"<!-- This site is optimized with the Yoast SEO plugin v27.3 - https:\/\/yoast.com\/product\/yoast-seo-wordpress\/ -->\n<title>L&#039;histoire - Port L\u2019Herbaudiere<\/title>\n<meta name=\"description\" content=\"Situ\u00e9e \u00e0 l\u2019extr\u00eame pointe nord ouest de l\u2019\u00eele de Noirmoutier, l\u2019anse de l\u2019Herbaudi\u00e8re accueille le port de plaisance de l&#039;\u00eele.\" \/>\n<meta name=\"robots\" content=\"index, follow, max-snippet:-1, max-image-preview:large, max-video-preview:-1\" \/>\n<link rel=\"canonical\" href=\"https:\/\/www.port-herbaudiere.fr\/fr\/le-port\/the-story\/\" \/>\n<meta property=\"og:locale\" content=\"fr_FR\" \/>\n<meta property=\"og:type\" content=\"article\" \/>\n<meta property=\"og:title\" content=\"L&#039;histoire - Port L\u2019Herbaudiere\" \/>\n<meta property=\"og:description\" content=\"Situ\u00e9e \u00e0 l\u2019extr\u00eame pointe nord ouest de l\u2019\u00eele de Noirmoutier, l\u2019anse de l\u2019Herbaudi\u00e8re accueille le port de plaisance de l&#039;\u00eele.\" \/>\n<meta property=\"og:url\" content=\"https:\/\/www.port-herbaudiere.fr\/fr\/le-port\/the-story\/\" \/>\n<meta property=\"og:site_name\" content=\"Port L\u2019Herbaudiere\" \/>\n<meta property=\"article:publisher\" content=\"https:\/\/www.facebook.com\/Port-de-lHerbaudi%c3%a8re-448560655676783\/\" \/>\n<meta property=\"article:modified_time\" content=\"2019-06-25T08:57:26+00:00\" \/>\n<meta name=\"twitter:card\" content=\"summary_large_image\" \/>\n<meta name=\"twitter:site\" content=\"@PortHerbaudiere\" \/>\n<meta name=\"twitter:label1\" content=\"Dur\u00e9e de lecture estim\u00e9e\" \/>\n\t<meta name=\"twitter:data1\" content=\"1 minute\" \/>\n<script type=\"application\/ld+json\" class=\"yoast-schema-graph\">{\"@context\":\"https:\\\/\\\/schema.org\",\"@graph\":[{\"@type\":\"WebPage\",\"@id\":\"https:\\\/\\\/www.port-herbaudiere.fr\\\/fr\\\/le-port\\\/the-story\\\/\",\"url\":\"https:\\\/\\\/www.port-herbaudiere.fr\\\/fr\\\/le-port\\\/the-story\\\/\",\"name\":\"L'histoire - Port L\u2019Herbaudiere\",\"isPartOf\":{\"@id\":\"https:\\\/\\\/www.port-herbaudiere.fr\\\/fr\\\/#website\"},\"datePublished\":\"2019-02-11T14:02:22+00:00\",\"dateModified\":\"2019-06-25T08:57:26+00:00\",\"description\":\"Situ\u00e9e \u00e0 l\u2019extr\u00eame pointe nord ouest de l\u2019\u00eele de Noirmoutier, l\u2019anse de l\u2019Herbaudi\u00e8re accueille le port de plaisance de l'\u00eele.\",\"breadcrumb\":{\"@id\":\"https:\\\/\\\/www.port-herbaudiere.fr\\\/fr\\\/le-port\\\/the-story\\\/#breadcrumb\"},\"inLanguage\":\"fr-FR\",\"potentialAction\":[{\"@type\":\"ReadAction\",\"target\":[\"https:\\\/\\\/www.port-herbaudiere.fr\\\/fr\\\/le-port\\\/the-story\\\/\"]}]},{\"@type\":\"BreadcrumbList\",\"@id\":\"https:\\\/\\\/www.port-herbaudiere.fr\\\/fr\\\/le-port\\\/the-story\\\/#breadcrumb\",\"itemListElement\":[{\"@type\":\"ListItem\",\"position\":1,\"name\":\"Home\",\"item\":\"https:\\\/\\\/www.port-herbaudiere.fr\\\/fr\\\/\"},{\"@type\":\"ListItem\",\"position\":2,\"name\":\"Le Port\",\"item\":\"https:\\\/\\\/www.port-herbaudiere.fr\\\/fr\\\/le-port\\\/\"},{\"@type\":\"ListItem\",\"position\":3,\"name\":\"L&rsquo;histoire\"}]},{\"@type\":\"WebSite\",\"@id\":\"https:\\\/\\\/www.port-herbaudiere.fr\\\/fr\\\/#website\",\"url\":\"https:\\\/\\\/www.port-herbaudiere.fr\\\/fr\\\/\",\"name\":\"Port L\u2019Herbaudi\u00e8re\",\"description\":\"\",\"potentialAction\":[{\"@type\":\"SearchAction\",\"target\":{\"@type\":\"EntryPoint\",\"urlTemplate\":\"https:\\\/\\\/www.port-herbaudiere.fr\\\/fr\\\/?s={search_term_string}\"},\"query-input\":{\"@type\":\"PropertyValueSpecification\",\"valueRequired\":true,\"valueName\":\"search_term_string\"}}],\"inLanguage\":\"fr-FR\"}]}<\/script>\n<!-- \/ Yoast SEO plugin. -->","yoast_head_json":{"title":"L'histoire - Port L\u2019Herbaudiere","description":"Situ\u00e9e \u00e0 l\u2019extr\u00eame pointe nord ouest de l\u2019\u00eele de Noirmoutier, l\u2019anse de l\u2019Herbaudi\u00e8re accueille le port de plaisance de l'\u00eele.","robots":{"index":"index","follow":"follow","max-snippet":"max-snippet:-1","max-image-preview":"max-image-preview:large","max-video-preview":"max-video-preview:-1"},"canonical":"https:\/\/www.port-herbaudiere.fr\/fr\/le-port\/the-story\/","og_locale":"fr_FR","og_type":"article","og_title":"L'histoire - Port L\u2019Herbaudiere","og_description":"Situ\u00e9e \u00e0 l\u2019extr\u00eame pointe nord ouest de l\u2019\u00eele de Noirmoutier, l\u2019anse de l\u2019Herbaudi\u00e8re accueille le port de plaisance de l'\u00eele.","og_url":"https:\/\/www.port-herbaudiere.fr\/fr\/le-port\/the-story\/","og_site_name":"Port L\u2019Herbaudiere","article_publisher":"https:\/\/www.facebook.com\/Port-de-lHerbaudi%c3%a8re-448560655676783\/","article_modified_time":"2019-06-25T08:57:26+00:00","twitter_card":"summary_large_image","twitter_site":"@PortHerbaudiere","twitter_misc":{"Dur\u00e9e de lecture estim\u00e9e":"1 minute"},"schema":{"@context":"https:\/\/schema.org","@graph":[{"@type":"WebPage","@id":"https:\/\/www.port-herbaudiere.fr\/fr\/le-port\/the-story\/","url":"https:\/\/www.port-herbaudiere.fr\/fr\/le-port\/the-story\/","name":"L'histoire - Port L\u2019Herbaudiere","isPartOf":{"@id":"https:\/\/www.port-herbaudiere.fr\/fr\/#website"},"datePublished":"2019-02-11T14:02:22+00:00","dateModified":"2019-06-25T08:57:26+00:00","description":"Situ\u00e9e \u00e0 l\u2019extr\u00eame pointe nord ouest de l\u2019\u00eele de Noirmoutier, l\u2019anse de l\u2019Herbaudi\u00e8re accueille le port de plaisance de l'\u00eele.","breadcrumb":{"@id":"https:\/\/www.port-herbaudiere.fr\/fr\/le-port\/the-story\/#breadcrumb"},"inLanguage":"fr-FR","potentialAction":[{"@type":"ReadAction","target":["https:\/\/www.port-herbaudiere.fr\/fr\/le-port\/the-story\/"]}]},{"@type":"BreadcrumbList","@id":"https:\/\/www.port-herbaudiere.fr\/fr\/le-port\/the-story\/#breadcrumb","itemListElement":[{"@type":"ListItem","position":1,"name":"Home","item":"https:\/\/www.port-herbaudiere.fr\/fr\/"},{"@type":"ListItem","position":2,"name":"Le Port","item":"https:\/\/www.port-herbaudiere.fr\/fr\/le-port\/"},{"@type":"ListItem","position":3,"name":"L&rsquo;histoire"}]},{"@type":"WebSite","@id":"https:\/\/www.port-herbaudiere.fr\/fr\/#website","url":"https:\/\/www.port-herbaudiere.fr\/fr\/","name":"Port L\u2019Herbaudi\u00e8re","description":"","potentialAction":[{"@type":"SearchAction","target":{"@type":"EntryPoint","urlTemplate":"https:\/\/www.port-herbaudiere.fr\/fr\/?s={search_term_string}"},"query-input":{"@type":"PropertyValueSpecification","valueRequired":true,"valueName":"search_term_string"}}],"inLanguage":"fr-FR"}]}},"_links":{"self":[{"href":"https:\/\/www.port-herbaudiere.fr\/fr\/wp-json\/wp\/v2\/pages\/549","targetHints":{"allow":["GET"]}}],"collection":[{"href":"https:\/\/www.port-herbaudiere.fr\/fr\/wp-json\/wp\/v2\/pages"}],"about":[{"href":"https:\/\/www.port-herbaudiere.fr\/fr\/wp-json\/wp\/v2\/types\/page"}],"author":[{"embeddable":true,"href":"https:\/\/www.port-herbaudiere.fr\/fr\/wp-json\/wp\/v2\/users\/3"}],"replies":[{"embeddable":true,"href":"https:\/\/www.port-herbaudiere.fr\/fr\/wp-json\/wp\/v2\/comments?post=549"}],"version-history":[{"count":5,"href":"https:\/\/www.port-herbaudiere.fr\/fr\/wp-json\/wp\/v2\/pages\/549\/revisions"}],"predecessor-version":[{"id":1470,"href":"https:\/\/www.port-herbaudiere.fr\/fr\/wp-json\/wp\/v2\/pages\/549\/revisions\/1470"}],"up":[{"embeddable":true,"href":"https:\/\/www.port-herbaudiere.fr\/fr\/wp-json\/wp\/v2\/pages\/561"}],"wp:attachment":[{"href":"https:\/\/www.port-herbaudiere.fr\/fr\/wp-json\/wp\/v2\/media?parent=549"}],"curies":[{"name":"wp","href":"https:\/\/api.w.org\/{rel}","templated":true}]}}