{"id":1997,"date":"2020-08-03T12:56:02","date_gmt":"2020-08-03T12:56:02","guid":{"rendered":"https:\/\/www.port-herbaudiere.fr\/?page_id=1997"},"modified":"2024-07-07T10:42:50","modified_gmt":"2024-07-07T10:42:50","slug":"objets-trouves","status":"publish","type":"page","link":"https:\/\/www.port-herbaudiere.fr\/fr\/objets-trouves\/","title":{"rendered":"Objets trouv\u00e9s"},"content":{"rendered":"\r\n<section class=\"intro-section\">\t\t<div class=\"row column\">\r\n\t\t\t<div class=\"block-banner\"  data-interchange=\"[\/wp-content\/uploads\/2019\/05\/Capitainerie-Port-Herbaudi\u00e8re.jpg, small], [\/wp-content\/uploads\/2019\/05\/Capitainerie-Port-Herbaudi\u00e8re-1024x386.jpg, medium], [\/wp-content\/uploads\/2019\/05\/Capitainerie-Port-Herbaudi\u00e8re.jpg, large], [\/wp-content\/uploads\/2019\/05\/Capitainerie-Port-Herbaudi\u00e8re.jpg, x-large]\"><\/div>\r\n\t\t\t\t\t<\/div>\r\n\t\r\n<\/section>\r\n\r\n<div class=\"breadcrumb-container\"><div class=\"row column\"><div class=\"breadcrumb\"><span><span><a href=\"https:\/\/www.port-herbaudiere.fr\/fr\/\">Home<\/a><\/span><\/span><\/div><\/div><\/div>\r\n\r\n\r\n\t<div class=\"row column text-center page-title\">\r\n\t\t<h1>Objets trouv\u00e9s<\/h1>\r\n\t<\/div>\r\n\r\n\r\n\r\n\r\n\n\n<div class=\"row default-editor-content\"><div class=\"column medium-10 large-6 medium-centered\">\n<p class=\"has-text-align-left\">Ci-dessous les diff\u00e9rents objets trouv\u00e9s qui ont \u00e9t\u00e9 d\u00e9pos\u00e9s \u00e0 la capitainerie :<\/p>\n\n\n\n<ul class=\"wp-block-list\">\n<li>Lunettes de vue STEVE MCQUEEN avec boite \u00e0 lunettes RAY-BAN<\/li>\n\n\n\n<li>Lunettes de vue ATS GABIN &amp; LEONIE avec boite \u00e0 lunettes OAKLEY<\/li>\n\n\n\n<li>Lunettes de vue CELINE<\/li>\n\n\n\n<li>Lunettes de vue RODIER<\/li>\n\n\n\n<li>Lunettes de soleil LEVEL avec cordon <\/li>\n\n\n\n<li>Montre orange CASIO G-SHOCK<\/li>\n\n\n\n<li>Cl\u00e9 avec badge gris<\/li>\n\n\n\n<li>Cl\u00e9s avec badge noir<\/li>\n\n\n\n<li>Cl\u00e9 avec porte cl\u00e9 bleu \u00ab\u00a0E4\u00a0\u00bb<\/li>\n\n\n\n<li>Cl\u00e9s doubles<\/li>\n<\/ul>\n\n\n<img loading=\"lazy\" decoding=\"async\" class=\"alignnone  wp-image-3199\" src=\"\/wp-content\/uploads\/2024\/07\/10-cle-220x300.jpg\" alt=\"\" width=\"166\" height=\"227\" srcset=\"https:\/\/www.port-herbaudiere.fr\/wp-content\/uploads\/2024\/07\/10-cle-220x300.jpg 220w, https:\/\/www.port-herbaudiere.fr\/wp-content\/uploads\/2024\/07\/10-cle-212x290.jpg 212w, https:\/\/www.port-herbaudiere.fr\/wp-content\/uploads\/2024\/07\/10-cle-28x38.jpg 28w, https:\/\/www.port-herbaudiere.fr\/wp-content\/uploads\/2024\/07\/10-cle-117x160.jpg 117w, https:\/\/www.port-herbaudiere.fr\/wp-content\/uploads\/2024\/07\/10-cle-254x347.jpg 254w, https:\/\/www.port-herbaudiere.fr\/wp-content\/uploads\/2024\/07\/10-cle.jpg 374w\" sizes=\"auto, (max-width: 166px) 100vw, 166px\" \/><img loading=\"lazy\" decoding=\"async\" class=\"alignnone  wp-image-3197\" src=\"\/wp-content\/uploads\/2024\/07\/9-cle-243x300.jpg\" alt=\"\" width=\"158\" height=\"195\" srcset=\"https:\/\/www.port-herbaudiere.fr\/wp-content\/uploads\/2024\/07\/9-cle-243x300.jpg 243w, https:\/\/www.port-herbaudiere.fr\/wp-content\/uploads\/2024\/07\/9-cle-235x290.jpg 235w, https:\/\/www.port-herbaudiere.fr\/wp-content\/uploads\/2024\/07\/9-cle-31x38.jpg 31w, https:\/\/www.port-herbaudiere.fr\/wp-content\/uploads\/2024\/07\/9-cle-129x160.jpg 129w, https:\/\/www.port-herbaudiere.fr\/wp-content\/uploads\/2024\/07\/9-cle-281x347.jpg 281w, https:\/\/www.port-herbaudiere.fr\/wp-content\/uploads\/2024\/07\/9-cle.jpg 393w\" sizes=\"auto, (max-width: 158px) 100vw, 158px\" \/><img loading=\"lazy\" decoding=\"async\" class=\"alignnone  wp-image-3195\" src=\"\/wp-content\/uploads\/2024\/07\/8-cle-130x300.jpg\" alt=\"\" width=\"105\" height=\"242\" srcset=\"https:\/\/www.port-herbaudiere.fr\/wp-content\/uploads\/2024\/07\/8-cle-130x300.jpg 130w, https:\/\/www.port-herbaudiere.fr\/wp-content\/uploads\/2024\/07\/8-cle-126x290.jpg 126w, https:\/\/www.port-herbaudiere.fr\/wp-content\/uploads\/2024\/07\/8-cle-16x38.jpg 16w, https:\/\/www.port-herbaudiere.fr\/wp-content\/uploads\/2024\/07\/8-cle-69x160.jpg 69w, https:\/\/www.port-herbaudiere.fr\/wp-content\/uploads\/2024\/07\/8-cle-150x347.jpg 150w, https:\/\/www.port-herbaudiere.fr\/wp-content\/uploads\/2024\/07\/8-cle.jpg 228w\" sizes=\"auto, (max-width: 105px) 100vw, 105px\" \/><img loading=\"lazy\" decoding=\"async\" class=\"alignnone  wp-image-3193\" src=\"\/wp-content\/uploads\/2024\/07\/7-cle-219x300.jpg\" alt=\"\" width=\"173\" height=\"237\" srcset=\"https:\/\/www.port-herbaudiere.fr\/wp-content\/uploads\/2024\/07\/7-cle-219x300.jpg 219w, https:\/\/www.port-herbaudiere.fr\/wp-content\/uploads\/2024\/07\/7-cle-212x290.jpg 212w, https:\/\/www.port-herbaudiere.fr\/wp-content\/uploads\/2024\/07\/7-cle-28x38.jpg 28w, https:\/\/www.port-herbaudiere.fr\/wp-content\/uploads\/2024\/07\/7-cle-117x160.jpg 117w, https:\/\/www.port-herbaudiere.fr\/wp-content\/uploads\/2024\/07\/7-cle-253x347.jpg 253w, https:\/\/www.port-herbaudiere.fr\/wp-content\/uploads\/2024\/07\/7-cle.jpg 346w\" sizes=\"auto, (max-width: 173px) 100vw, 173px\" \/><img loading=\"lazy\" decoding=\"async\" class=\"alignnone  wp-image-3189\" src=\"\/wp-content\/uploads\/2024\/07\/5-montre-217x300.jpg\" alt=\"\" width=\"268\" height=\"371\" srcset=\"https:\/\/www.port-herbaudiere.fr\/wp-content\/uploads\/2024\/07\/5-montre-217x300.jpg 217w, https:\/\/www.port-herbaudiere.fr\/wp-content\/uploads\/2024\/07\/5-montre-210x290.jpg 210w, https:\/\/www.port-herbaudiere.fr\/wp-content\/uploads\/2024\/07\/5-montre-27x38.jpg 27w, https:\/\/www.port-herbaudiere.fr\/wp-content\/uploads\/2024\/07\/5-montre-116x160.jpg 116w, https:\/\/www.port-herbaudiere.fr\/wp-content\/uploads\/2024\/07\/5-montre-251x347.jpg 251w, https:\/\/www.port-herbaudiere.fr\/wp-content\/uploads\/2024\/07\/5-montre.jpg 378w\" sizes=\"auto, (max-width: 268px) 100vw, 268px\" \/><img loading=\"lazy\" decoding=\"async\" class=\"alignnone  wp-image-3191\" src=\"\/wp-content\/uploads\/2024\/07\/6-lunettes-300x300.jpg\" alt=\"\" width=\"282\" height=\"282\" srcset=\"https:\/\/www.port-herbaudiere.fr\/wp-content\/uploads\/2024\/07\/6-lunettes-300x300.jpg 300w, https:\/\/www.port-herbaudiere.fr\/wp-content\/uploads\/2024\/07\/6-lunettes-150x150.jpg 150w, https:\/\/www.port-herbaudiere.fr\/wp-content\/uploads\/2024\/07\/6-lunettes-240x240.jpg 240w, https:\/\/www.port-herbaudiere.fr\/wp-content\/uploads\/2024\/07\/6-lunettes-290x290.jpg 290w, https:\/\/www.port-herbaudiere.fr\/wp-content\/uploads\/2024\/07\/6-lunettes-38x38.jpg 38w, https:\/\/www.port-herbaudiere.fr\/wp-content\/uploads\/2024\/07\/6-lunettes-160x160.jpg 160w, https:\/\/www.port-herbaudiere.fr\/wp-content\/uploads\/2024\/07\/6-lunettes-347x347.jpg 347w, https:\/\/www.port-herbaudiere.fr\/wp-content\/uploads\/2024\/07\/6-lunettes.jpg 528w\" sizes=\"auto, (max-width: 282px) 100vw, 282px\" \/><img loading=\"lazy\" decoding=\"async\" class=\"alignnone  wp-image-3187\" src=\"\/wp-content\/uploads\/2024\/07\/4-lunettes-263x300.jpg\" alt=\"\" width=\"262\" height=\"299\" srcset=\"https:\/\/www.port-herbaudiere.fr\/wp-content\/uploads\/2024\/07\/4-lunettes-263x300.jpg 263w, https:\/\/www.port-herbaudiere.fr\/wp-content\/uploads\/2024\/07\/4-lunettes-254x290.jpg 254w, https:\/\/www.port-herbaudiere.fr\/wp-content\/uploads\/2024\/07\/4-lunettes-33x38.jpg 33w, https:\/\/www.port-herbaudiere.fr\/wp-content\/uploads\/2024\/07\/4-lunettes-140x160.jpg 140w, https:\/\/www.port-herbaudiere.fr\/wp-content\/uploads\/2024\/07\/4-lunettes-304x347.jpg 304w, https:\/\/www.port-herbaudiere.fr\/wp-content\/uploads\/2024\/07\/4-lunettes.jpg 447w\" sizes=\"auto, (max-width: 262px) 100vw, 262px\" \/><img loading=\"lazy\" decoding=\"async\" class=\"alignnone  wp-image-3185\" src=\"\/wp-content\/uploads\/2024\/07\/3-lunettes-250x300.jpg\" alt=\"\" width=\"283\" height=\"340\" srcset=\"https:\/\/www.port-herbaudiere.fr\/wp-content\/uploads\/2024\/07\/3-lunettes-250x300.jpg 250w, https:\/\/www.port-herbaudiere.fr\/wp-content\/uploads\/2024\/07\/3-lunettes-241x290.jpg 241w, https:\/\/www.port-herbaudiere.fr\/wp-content\/uploads\/2024\/07\/3-lunettes-32x38.jpg 32w, https:\/\/www.port-herbaudiere.fr\/wp-content\/uploads\/2024\/07\/3-lunettes-133x160.jpg 133w, https:\/\/www.port-herbaudiere.fr\/wp-content\/uploads\/2024\/07\/3-lunettes-289x347.jpg 289w, https:\/\/www.port-herbaudiere.fr\/wp-content\/uploads\/2024\/07\/3-lunettes.jpg 347w\" sizes=\"auto, (max-width: 283px) 100vw, 283px\" \/><img loading=\"lazy\" decoding=\"async\" class=\"alignnone  wp-image-3183\" src=\"\/wp-content\/uploads\/2024\/07\/2-lunettes-285x300.jpg\" alt=\"\" width=\"313\" height=\"329\" srcset=\"https:\/\/www.port-herbaudiere.fr\/wp-content\/uploads\/2024\/07\/2-lunettes-285x300.jpg 285w, https:\/\/www.port-herbaudiere.fr\/wp-content\/uploads\/2024\/07\/2-lunettes-275x290.jpg 275w, https:\/\/www.port-herbaudiere.fr\/wp-content\/uploads\/2024\/07\/2-lunettes-36x38.jpg 36w, https:\/\/www.port-herbaudiere.fr\/wp-content\/uploads\/2024\/07\/2-lunettes-152x160.jpg 152w, https:\/\/www.port-herbaudiere.fr\/wp-content\/uploads\/2024\/07\/2-lunettes-329x347.jpg 329w, https:\/\/www.port-herbaudiere.fr\/wp-content\/uploads\/2024\/07\/2-lunettes.jpg 426w\" sizes=\"auto, (max-width: 313px) 100vw, 313px\" \/><img loading=\"lazy\" decoding=\"async\" class=\"alignnone  wp-image-3181\" src=\"\/wp-content\/uploads\/2024\/07\/1-lunettes-284x300.jpg\" alt=\"\" width=\"305\" height=\"322\" srcset=\"https:\/\/www.port-herbaudiere.fr\/wp-content\/uploads\/2024\/07\/1-lunettes-284x300.jpg 284w, https:\/\/www.port-herbaudiere.fr\/wp-content\/uploads\/2024\/07\/1-lunettes-274x290.jpg 274w, https:\/\/www.port-herbaudiere.fr\/wp-content\/uploads\/2024\/07\/1-lunettes-36x38.jpg 36w, https:\/\/www.port-herbaudiere.fr\/wp-content\/uploads\/2024\/07\/1-lunettes-151x160.jpg 151w, https:\/\/www.port-herbaudiere.fr\/wp-content\/uploads\/2024\/07\/1-lunettes-328x347.jpg 328w, https:\/\/www.port-herbaudiere.fr\/wp-content\/uploads\/2024\/07\/1-lunettes.jpg 424w\" sizes=\"auto, (max-width: 305px) 100vw, 305px\" \/>\n\n\n\n\n<div style=\"height:100px\" aria-hidden=\"true\" class=\"wp-block-spacer\"><\/div>\n\n\n","protected":false},"excerpt":{"rendered":"<p>Ci-dessous les diff\u00e9rents objets trouv\u00e9s qui ont \u00e9t\u00e9 d\u00e9pos\u00e9s \u00e0 la capitainerie :<\/p>\n","protected":false},"author":3,"featured_media":0,"parent":0,"menu_order":-2,"comment_status":"closed","ping_status":"closed","template":"front-page.php","meta":{"_acf_changed":false,"footnotes":""},"class_list":["post-1997","page","type-page","status-publish","hentry"],"acf":[],"yoast_head":"<!-- This site is optimized with the Yoast SEO plugin v27.3 - https:\/\/yoast.com\/product\/yoast-seo-wordpress\/ -->\n<title>Objets trouv\u00e9s - Port L\u2019Herbaudiere<\/title>\n<meta name=\"robots\" content=\"index, follow, max-snippet:-1, max-image-preview:large, max-video-preview:-1\" \/>\n<link rel=\"canonical\" href=\"https:\/\/www.port-herbaudiere.fr\/fr\/objets-trouves\/\" \/>\n<meta property=\"og:locale\" content=\"fr_FR\" \/>\n<meta property=\"og:type\" content=\"article\" \/>\n<meta property=\"og:title\" content=\"Objets trouv\u00e9s - Port L\u2019Herbaudiere\" \/>\n<meta property=\"og:description\" content=\"Ci-dessous les diff\u00e9rents objets trouv\u00e9s qui ont \u00e9t\u00e9 d\u00e9pos\u00e9s \u00e0 la capitainerie :\" \/>\n<meta property=\"og:url\" content=\"https:\/\/www.port-herbaudiere.fr\/fr\/objets-trouves\/\" \/>\n<meta property=\"og:site_name\" content=\"Port L\u2019Herbaudiere\" \/>\n<meta property=\"article:publisher\" content=\"https:\/\/www.facebook.com\/Port-de-lHerbaudi%c3%a8re-448560655676783\/\" \/>\n<meta property=\"article:modified_time\" content=\"2024-07-07T10:42:50+00:00\" \/>\n<meta name=\"twitter:card\" content=\"summary_large_image\" \/>\n<meta name=\"twitter:site\" content=\"@PortHerbaudiere\" \/>\n<meta name=\"twitter:label1\" content=\"Dur\u00e9e de lecture estim\u00e9e\" \/>\n\t<meta name=\"twitter:data1\" content=\"3 minutes\" \/>\n<script type=\"application\/ld+json\" class=\"yoast-schema-graph\">{\"@context\":\"https:\\\/\\\/schema.org\",\"@graph\":[{\"@type\":\"WebPage\",\"@id\":\"https:\\\/\\\/www.port-herbaudiere.fr\\\/fr\\\/objets-trouves\\\/\",\"url\":\"https:\\\/\\\/www.port-herbaudiere.fr\\\/fr\\\/objets-trouves\\\/\",\"name\":\"Objets trouv\u00e9s - Port L\u2019Herbaudiere\",\"isPartOf\":{\"@id\":\"https:\\\/\\\/www.port-herbaudiere.fr\\\/fr\\\/#website\"},\"datePublished\":\"2020-08-03T12:56:02+00:00\",\"dateModified\":\"2024-07-07T10:42:50+00:00\",\"breadcrumb\":{\"@id\":\"https:\\\/\\\/www.port-herbaudiere.fr\\\/fr\\\/objets-trouves\\\/#breadcrumb\"},\"inLanguage\":\"fr-FR\",\"potentialAction\":[{\"@type\":\"ReadAction\",\"target\":[\"https:\\\/\\\/www.port-herbaudiere.fr\\\/fr\\\/objets-trouves\\\/\"]}]},{\"@type\":\"BreadcrumbList\",\"@id\":\"https:\\\/\\\/www.port-herbaudiere.fr\\\/fr\\\/objets-trouves\\\/#breadcrumb\",\"itemListElement\":[{\"@type\":\"ListItem\",\"position\":1,\"name\":\"Home\",\"item\":\"https:\\\/\\\/www.port-herbaudiere.fr\\\/fr\\\/\"},{\"@type\":\"ListItem\",\"position\":2,\"name\":\"Objets trouv\u00e9s\"}]},{\"@type\":\"WebSite\",\"@id\":\"https:\\\/\\\/www.port-herbaudiere.fr\\\/fr\\\/#website\",\"url\":\"https:\\\/\\\/www.port-herbaudiere.fr\\\/fr\\\/\",\"name\":\"Port L\u2019Herbaudi\u00e8re\",\"description\":\"\",\"potentialAction\":[{\"@type\":\"SearchAction\",\"target\":{\"@type\":\"EntryPoint\",\"urlTemplate\":\"https:\\\/\\\/www.port-herbaudiere.fr\\\/fr\\\/?s={search_term_string}\"},\"query-input\":{\"@type\":\"PropertyValueSpecification\",\"valueRequired\":true,\"valueName\":\"search_term_string\"}}],\"inLanguage\":\"fr-FR\"}]}<\/script>\n<!-- \/ Yoast SEO plugin. -->","yoast_head_json":{"title":"Objets trouv\u00e9s - Port L\u2019Herbaudiere","robots":{"index":"index","follow":"follow","max-snippet":"max-snippet:-1","max-image-preview":"max-image-preview:large","max-video-preview":"max-video-preview:-1"},"canonical":"https:\/\/www.port-herbaudiere.fr\/fr\/objets-trouves\/","og_locale":"fr_FR","og_type":"article","og_title":"Objets trouv\u00e9s - Port L\u2019Herbaudiere","og_description":"Ci-dessous les diff\u00e9rents objets trouv\u00e9s qui ont \u00e9t\u00e9 d\u00e9pos\u00e9s \u00e0 la capitainerie :","og_url":"https:\/\/www.port-herbaudiere.fr\/fr\/objets-trouves\/","og_site_name":"Port L\u2019Herbaudiere","article_publisher":"https:\/\/www.facebook.com\/Port-de-lHerbaudi%c3%a8re-448560655676783\/","article_modified_time":"2024-07-07T10:42:50+00:00","twitter_card":"summary_large_image","twitter_site":"@PortHerbaudiere","twitter_misc":{"Dur\u00e9e de lecture estim\u00e9e":"3 minutes"},"schema":{"@context":"https:\/\/schema.org","@graph":[{"@type":"WebPage","@id":"https:\/\/www.port-herbaudiere.fr\/fr\/objets-trouves\/","url":"https:\/\/www.port-herbaudiere.fr\/fr\/objets-trouves\/","name":"Objets trouv\u00e9s - Port L\u2019Herbaudiere","isPartOf":{"@id":"https:\/\/www.port-herbaudiere.fr\/fr\/#website"},"datePublished":"2020-08-03T12:56:02+00:00","dateModified":"2024-07-07T10:42:50+00:00","breadcrumb":{"@id":"https:\/\/www.port-herbaudiere.fr\/fr\/objets-trouves\/#breadcrumb"},"inLanguage":"fr-FR","potentialAction":[{"@type":"ReadAction","target":["https:\/\/www.port-herbaudiere.fr\/fr\/objets-trouves\/"]}]},{"@type":"BreadcrumbList","@id":"https:\/\/www.port-herbaudiere.fr\/fr\/objets-trouves\/#breadcrumb","itemListElement":[{"@type":"ListItem","position":1,"name":"Home","item":"https:\/\/www.port-herbaudiere.fr\/fr\/"},{"@type":"ListItem","position":2,"name":"Objets trouv\u00e9s"}]},{"@type":"WebSite","@id":"https:\/\/www.port-herbaudiere.fr\/fr\/#website","url":"https:\/\/www.port-herbaudiere.fr\/fr\/","name":"Port L\u2019Herbaudi\u00e8re","description":"","potentialAction":[{"@type":"SearchAction","target":{"@type":"EntryPoint","urlTemplate":"https:\/\/www.port-herbaudiere.fr\/fr\/?s={search_term_string}"},"query-input":{"@type":"PropertyValueSpecification","valueRequired":true,"valueName":"search_term_string"}}],"inLanguage":"fr-FR"}]}},"_links":{"self":[{"href":"https:\/\/www.port-herbaudiere.fr\/fr\/wp-json\/wp\/v2\/pages\/1997","targetHints":{"allow":["GET"]}}],"collection":[{"href":"https:\/\/www.port-herbaudiere.fr\/fr\/wp-json\/wp\/v2\/pages"}],"about":[{"href":"https:\/\/www.port-herbaudiere.fr\/fr\/wp-json\/wp\/v2\/types\/page"}],"author":[{"embeddable":true,"href":"https:\/\/www.port-herbaudiere.fr\/fr\/wp-json\/wp\/v2\/users\/3"}],"replies":[{"embeddable":true,"href":"https:\/\/www.port-herbaudiere.fr\/fr\/wp-json\/wp\/v2\/comments?post=1997"}],"version-history":[{"count":5,"href":"https:\/\/www.port-herbaudiere.fr\/fr\/wp-json\/wp\/v2\/pages\/1997\/revisions"}],"predecessor-version":[{"id":3209,"href":"https:\/\/www.port-herbaudiere.fr\/fr\/wp-json\/wp\/v2\/pages\/1997\/revisions\/3209"}],"wp:attachment":[{"href":"https:\/\/www.port-herbaudiere.fr\/fr\/wp-json\/wp\/v2\/media?parent=1997"}],"curies":[{"name":"wp","href":"https:\/\/api.w.org\/{rel}","templated":true}]}}