{"id":66,"date":"2019-02-11T14:02:05","date_gmt":"2019-02-11T14:02:05","guid":{"rendered":"https:\/\/www.port-herbaudiere.fr\/?page_id=66"},"modified":"2019-09-25T12:33:34","modified_gmt":"2019-09-25T12:33:34","slug":"welcome","status":"publish","type":"page","link":"https:\/\/www.port-herbaudiere.fr\/en\/le-port\/welcome\/","title":{"rendered":"Welcome"},"content":{"rendered":"\r\n<section class=\"intro-section\">\t\t<div class=\"row column\">\r\n\t\t\t<div class=\"block-banner\"  data-interchange=\"[\/wp-content\/uploads\/2019\/03\/Slider-Port-de-Plaisance-Herbaudi\u00e8re-1-1280x600.jpg, small], [\/wp-content\/uploads\/2019\/03\/Slider-Port-de-Plaisance-Herbaudi\u00e8re-1-1024x386.jpg, medium], [\/wp-content\/uploads\/2019\/03\/Slider-Port-de-Plaisance-Herbaudi\u00e8re-1-1920x724.jpg, large], [\/wp-content\/uploads\/2019\/03\/Slider-Port-de-Plaisance-Herbaudi\u00e8re-1-1920x905.jpg, x-large]\"><\/div>\r\n\t\t\t\t\t<\/div>\r\n\t\r\n<\/section>\r\n\r\n<div class=\"breadcrumb-container\"><div class=\"row column\"><div class=\"breadcrumb\"><span><span><a href=\"https:\/\/www.port-herbaudiere.fr\/en\/\">Home<\/a><\/span><\/span><\/div><\/div><\/div>\r\n\r\n\r\n\t<div class=\"row column text-center page-title\">\r\n\t\t<h1>Welcome<\/h1>\r\n\t<\/div>\r\n\r\n\r\n\r\n\r\n\n\n<div class=\"row default-editor-content\"><div class=\"column medium-10 large-6 medium-centered\">\n<p>The port of Herbaudi\u00e8re on the Island of Noirmoutier was one of the first deep water marinas built in the Vend\u00e9e region in 1973. The marina was expanded in 2005 and again in 2010. Impeccably maintained with regular investment, it now has a capacity of 574 berths. <\/p>\n\n\n\n<p>Herbaudi\u00e8re Harbour on the island of Noirmoutier is a private port, owned by a public limited company under lease until 2037. It has already indicated its willingness to extend this status with plans for further innovation, notably the new \u201csmart marina\u201d. <\/p>\n\n\n\n<p>Herbaudi\u00e8re Marina on the island of Noirmoutier offers 10 categories of berth: 6 m, 6.40 m, 7.60 m, 8.50 m, 10 m, 11.50 m, 12 m, 13 m, 15 m et 17 m (contact the harbour team for more information)<\/p>\n\n\n\n<figure class=\"wp-block-image\"><img loading=\"lazy\" decoding=\"async\" width=\"640\" height=\"640\" src=\"\/wp-content\/uploads\/2019\/03\/19228386_450403112002208_2330647209852272640_n.jpg\" alt=\"\" class=\"wp-image-887\" srcset=\"https:\/\/www.port-herbaudiere.fr\/wp-content\/uploads\/2019\/03\/19228386_450403112002208_2330647209852272640_n.jpg 640w, https:\/\/www.port-herbaudiere.fr\/wp-content\/uploads\/2019\/03\/19228386_450403112002208_2330647209852272640_n-150x150.jpg 150w, https:\/\/www.port-herbaudiere.fr\/wp-content\/uploads\/2019\/03\/19228386_450403112002208_2330647209852272640_n-300x300.jpg 300w, https:\/\/www.port-herbaudiere.fr\/wp-content\/uploads\/2019\/03\/19228386_450403112002208_2330647209852272640_n-240x240.jpg 240w, https:\/\/www.port-herbaudiere.fr\/wp-content\/uploads\/2019\/03\/19228386_450403112002208_2330647209852272640_n-290x290.jpg 290w, https:\/\/www.port-herbaudiere.fr\/wp-content\/uploads\/2019\/03\/19228386_450403112002208_2330647209852272640_n-38x38.jpg 38w, https:\/\/www.port-herbaudiere.fr\/wp-content\/uploads\/2019\/03\/19228386_450403112002208_2330647209852272640_n-160x160.jpg 160w, https:\/\/www.port-herbaudiere.fr\/wp-content\/uploads\/2019\/03\/19228386_450403112002208_2330647209852272640_n-347x347.jpg 347w, https:\/\/www.port-herbaudiere.fr\/wp-content\/uploads\/2019\/03\/19228386_450403112002208_2330647209852272640_n-600x600.jpg 600w\" sizes=\"auto, (max-width: 640px) 100vw, 640px\" \/><\/figure>\n\n\n\n<p>Situated between Brittany to the north and Nouvelle Aquitaine to the south, we are in the district of Vend\u00e9e within the Pays de la Loire region. From the island of Noirmoutier there is a huge variety of possible sailings. Set course north towards the Loire estuary, La Baule, Belle-\u00cele, \u00cele de Houat, \u00cele Ho\u00ebdic, la Trinit\u00e9, Le Crouesty, or \u00cele de Groix. Or head south to \u00cele d\u2019Yeu, Les Sables d\u2019Olonne (start of the Vend\u00e9e Globe yacht race), La Rochelle, \u00cele de R\u00e9, \u00cele d\u2019Ol\u00e9ron or even \u00cele d\u2019Aix. Noirmoutier Island promises a well-preserved, unique environment, in terms of its architecture, maritime pine forests, marshlands, beaches, etc. It is a paradise for cycling. <\/p>\n\n\n\n<p>At the north point of the island, Herbaudi\u00e8re Harbour offers an exceptional choice of navigation in all seasons, between the Atlantic side or the Bay of Bourgneuf side, between Pornic and Noirmoutier Island.<\/p>\n\n\n\n<p>Herbaudi\u00e8re is the main marina in the French Atlantic Islands, situated: <\/p>\n\n\n\n<ul class=\"wp-block-list\"><li>16 nautical miles (NM) from La Baule-Pornichet, <\/li><li>40 NM from Belle-\u00cele, <\/li><li>35 NM from \u00cele de Houat, <\/li><li>30 NM from \u00cele Ho\u00ebdic, <\/li><li>48 NM from La Trinit\u00e9, <\/li><li>45 NM from Le Crouesty, <\/li><li>65 NM from \u00cele de Groix, <\/li><li>23 NM from \u00cele d\u2019Yeu, <\/li><li>47 NM from Les Sables d\u2019Olonne, <\/li><li>80 NM from La Rochelle, <\/li><li>70 NM from \u00cele de R\u00e9, <\/li><li>80 NM from \u00cele d\u2019Ol\u00e9ron, <\/li><li>85 NM from \u00cele d\u2019Aix, <\/li><\/ul>\n\n\n\n<p>Some berths are currently available (by purchasing shares) in all categories except 13 m and 15 m.<\/p>\n\n\n\n<hr class=\"wp-block-separator\"\/>\n\n\n\n<p><strong>Facilities:<\/strong> hoisting and lifting, toilets and showers, car park, closed park, fuel station, equipped repair area, storage, free Wi-Fi, etc.<\/p>\n\n\n\n<p><strong>Security:<\/strong> CCTV, controlled access<\/p>\n\n\n\n<p><strong>Sailing:<\/strong> uShip chandlery, maritime Cooperative, sailmaker workshops, marine engines (Mercury, Baudoin, Volvo Penta, Yamaha, etc.), marine electronics (Garmin, Humminbird, Navicom, Raymarine, etc.), Beneteau, Jeanneau, Boston Whaler, Bombard dealerships, etc.<\/p>\n\n\n\n<p><strong>Environment:<\/strong> A green port with trees and flowers, sewage pumps, waste and recycling collection from enclosed bins.<\/p>\n\n\n\n<p><strong>Eating out: <\/strong>25 bars and restaurants, from chef Alexandre Couillon\u2019s La Marine (2 Michelin stars) to oyster bars.<\/p>\n","protected":false},"excerpt":{"rendered":"<p>The port of Herbaudi\u00e8re on the Island of Noirmoutier was one of the first deep water marinas built in the Vend\u00e9e region in 1973. The marina was expanded in 2005 and again in 2010. Impeccably maintained with regular investment, it [&hellip;]<\/p>\n","protected":false},"author":3,"featured_media":0,"parent":18,"menu_order":0,"comment_status":"closed","ping_status":"closed","template":"","meta":{"_acf_changed":false,"footnotes":""},"class_list":["post-66","page","type-page","status-publish","hentry"],"acf":[],"yoast_head":"<!-- This site is optimized with the Yoast SEO plugin v27.3 - https:\/\/yoast.com\/product\/yoast-seo-wordpress\/ -->\n<title>Welcome - Port L\u2019Herbaudiere<\/title>\n<meta name=\"robots\" content=\"index, follow, max-snippet:-1, max-image-preview:large, max-video-preview:-1\" \/>\n<link rel=\"canonical\" href=\"https:\/\/www.port-herbaudiere.fr\/en\/le-port\/welcome\/\" \/>\n<meta property=\"og:locale\" content=\"en_US\" \/>\n<meta property=\"og:type\" content=\"article\" \/>\n<meta property=\"og:title\" content=\"Welcome - Port L\u2019Herbaudiere\" \/>\n<meta property=\"og:description\" content=\"The port of Herbaudi\u00e8re on the Island of Noirmoutier was one of the first deep water marinas built in the Vend\u00e9e region in 1973. The marina was expanded in 2005 and again in 2010. Impeccably maintained with regular investment, it [&hellip;]\" \/>\n<meta property=\"og:url\" content=\"https:\/\/www.port-herbaudiere.fr\/en\/le-port\/welcome\/\" \/>\n<meta property=\"og:site_name\" content=\"Port L\u2019Herbaudiere\" \/>\n<meta property=\"article:publisher\" content=\"https:\/\/www.facebook.com\/Port-de-lHerbaudi%c3%a8re-448560655676783\/\" \/>\n<meta property=\"article:modified_time\" content=\"2019-09-25T12:33:34+00:00\" \/>\n<meta name=\"twitter:card\" content=\"summary_large_image\" \/>\n<meta name=\"twitter:site\" content=\"@PortHerbaudiere\" \/>\n<meta name=\"twitter:label1\" content=\"Est. reading time\" \/>\n\t<meta name=\"twitter:data1\" content=\"2 minutes\" \/>\n<script type=\"application\/ld+json\" class=\"yoast-schema-graph\">{\"@context\":\"https:\\\/\\\/schema.org\",\"@graph\":[{\"@type\":\"WebPage\",\"@id\":\"https:\\\/\\\/www.port-herbaudiere.fr\\\/en\\\/le-port\\\/welcome\\\/\",\"url\":\"https:\\\/\\\/www.port-herbaudiere.fr\\\/en\\\/le-port\\\/welcome\\\/\",\"name\":\"Welcome - Port L\u2019Herbaudiere\",\"isPartOf\":{\"@id\":\"https:\\\/\\\/www.port-herbaudiere.fr\\\/fr\\\/#website\"},\"datePublished\":\"2019-02-11T14:02:05+00:00\",\"dateModified\":\"2019-09-25T12:33:34+00:00\",\"breadcrumb\":{\"@id\":\"https:\\\/\\\/www.port-herbaudiere.fr\\\/en\\\/le-port\\\/welcome\\\/#breadcrumb\"},\"inLanguage\":\"en-US\",\"potentialAction\":[{\"@type\":\"ReadAction\",\"target\":[\"https:\\\/\\\/www.port-herbaudiere.fr\\\/en\\\/le-port\\\/welcome\\\/\"]}]},{\"@type\":\"BreadcrumbList\",\"@id\":\"https:\\\/\\\/www.port-herbaudiere.fr\\\/en\\\/le-port\\\/welcome\\\/#breadcrumb\",\"itemListElement\":[{\"@type\":\"ListItem\",\"position\":1,\"name\":\"Home\",\"item\":\"https:\\\/\\\/www.port-herbaudiere.fr\\\/en\\\/\"},{\"@type\":\"ListItem\",\"position\":2,\"name\":\"The Marina\",\"item\":\"https:\\\/\\\/www.port-herbaudiere.fr\\\/en\\\/le-port\\\/\"},{\"@type\":\"ListItem\",\"position\":3,\"name\":\"Welcome\"}]},{\"@type\":\"WebSite\",\"@id\":\"https:\\\/\\\/www.port-herbaudiere.fr\\\/fr\\\/#website\",\"url\":\"https:\\\/\\\/www.port-herbaudiere.fr\\\/fr\\\/\",\"name\":\"Port L\u2019Herbaudi\u00e8re\",\"description\":\"\",\"potentialAction\":[{\"@type\":\"SearchAction\",\"target\":{\"@type\":\"EntryPoint\",\"urlTemplate\":\"https:\\\/\\\/www.port-herbaudiere.fr\\\/fr\\\/?s={search_term_string}\"},\"query-input\":{\"@type\":\"PropertyValueSpecification\",\"valueRequired\":true,\"valueName\":\"search_term_string\"}}],\"inLanguage\":\"en-US\"}]}<\/script>\n<!-- \/ Yoast SEO plugin. -->","yoast_head_json":{"title":"Welcome - Port L\u2019Herbaudiere","robots":{"index":"index","follow":"follow","max-snippet":"max-snippet:-1","max-image-preview":"max-image-preview:large","max-video-preview":"max-video-preview:-1"},"canonical":"https:\/\/www.port-herbaudiere.fr\/en\/le-port\/welcome\/","og_locale":"en_US","og_type":"article","og_title":"Welcome - Port L\u2019Herbaudiere","og_description":"The port of Herbaudi\u00e8re on the Island of Noirmoutier was one of the first deep water marinas built in the Vend\u00e9e region in 1973. The marina was expanded in 2005 and again in 2010. Impeccably maintained with regular investment, it [&hellip;]","og_url":"https:\/\/www.port-herbaudiere.fr\/en\/le-port\/welcome\/","og_site_name":"Port L\u2019Herbaudiere","article_publisher":"https:\/\/www.facebook.com\/Port-de-lHerbaudi%c3%a8re-448560655676783\/","article_modified_time":"2019-09-25T12:33:34+00:00","twitter_card":"summary_large_image","twitter_site":"@PortHerbaudiere","twitter_misc":{"Est. reading time":"2 minutes"},"schema":{"@context":"https:\/\/schema.org","@graph":[{"@type":"WebPage","@id":"https:\/\/www.port-herbaudiere.fr\/en\/le-port\/welcome\/","url":"https:\/\/www.port-herbaudiere.fr\/en\/le-port\/welcome\/","name":"Welcome - Port L\u2019Herbaudiere","isPartOf":{"@id":"https:\/\/www.port-herbaudiere.fr\/fr\/#website"},"datePublished":"2019-02-11T14:02:05+00:00","dateModified":"2019-09-25T12:33:34+00:00","breadcrumb":{"@id":"https:\/\/www.port-herbaudiere.fr\/en\/le-port\/welcome\/#breadcrumb"},"inLanguage":"en-US","potentialAction":[{"@type":"ReadAction","target":["https:\/\/www.port-herbaudiere.fr\/en\/le-port\/welcome\/"]}]},{"@type":"BreadcrumbList","@id":"https:\/\/www.port-herbaudiere.fr\/en\/le-port\/welcome\/#breadcrumb","itemListElement":[{"@type":"ListItem","position":1,"name":"Home","item":"https:\/\/www.port-herbaudiere.fr\/en\/"},{"@type":"ListItem","position":2,"name":"The Marina","item":"https:\/\/www.port-herbaudiere.fr\/en\/le-port\/"},{"@type":"ListItem","position":3,"name":"Welcome"}]},{"@type":"WebSite","@id":"https:\/\/www.port-herbaudiere.fr\/fr\/#website","url":"https:\/\/www.port-herbaudiere.fr\/fr\/","name":"Port L\u2019Herbaudi\u00e8re","description":"","potentialAction":[{"@type":"SearchAction","target":{"@type":"EntryPoint","urlTemplate":"https:\/\/www.port-herbaudiere.fr\/fr\/?s={search_term_string}"},"query-input":{"@type":"PropertyValueSpecification","valueRequired":true,"valueName":"search_term_string"}}],"inLanguage":"en-US"}]}},"_links":{"self":[{"href":"https:\/\/www.port-herbaudiere.fr\/en\/wp-json\/wp\/v2\/pages\/66","targetHints":{"allow":["GET"]}}],"collection":[{"href":"https:\/\/www.port-herbaudiere.fr\/en\/wp-json\/wp\/v2\/pages"}],"about":[{"href":"https:\/\/www.port-herbaudiere.fr\/en\/wp-json\/wp\/v2\/types\/page"}],"author":[{"embeddable":true,"href":"https:\/\/www.port-herbaudiere.fr\/en\/wp-json\/wp\/v2\/users\/3"}],"replies":[{"embeddable":true,"href":"https:\/\/www.port-herbaudiere.fr\/en\/wp-json\/wp\/v2\/comments?post=66"}],"version-history":[{"count":5,"href":"https:\/\/www.port-herbaudiere.fr\/en\/wp-json\/wp\/v2\/pages\/66\/revisions"}],"predecessor-version":[{"id":1702,"href":"https:\/\/www.port-herbaudiere.fr\/en\/wp-json\/wp\/v2\/pages\/66\/revisions\/1702"}],"up":[{"embeddable":true,"href":"https:\/\/www.port-herbaudiere.fr\/en\/wp-json\/wp\/v2\/pages\/18"}],"wp:attachment":[{"href":"https:\/\/www.port-herbaudiere.fr\/en\/wp-json\/wp\/v2\/media?parent=66"}],"curies":[{"name":"wp","href":"https:\/\/api.w.org\/{rel}","templated":true}]}}